{"id":2014,"date":"2019-06-18T16:58:42","date_gmt":"2019-06-18T14:58:42","guid":{"rendered":"http:\/\/www.portituristicilamaddalena.it\/tarife\/"},"modified":"2022-07-18T14:28:45","modified_gmt":"2022-07-18T12:28:45","slug":"tarife","status":"publish","type":"page","link":"https:\/\/www.portituristicilamaddalena.it\/de\/tarife\/","title":{"rendered":"Tarife"},"content":{"rendered":"\n<figure class=\"wp-block-table aligncenter\"><table><tbody><tr><td>Zeit<\/td><td>Preis<\/td><\/tr><tr><td>Vom 1. bis 31. Mai<\/td><td>0,60\u20ac\/m<strong>\u00b2<\/strong> <\/td><\/tr><tr><td>Vom 1. Juni bis 31. Juni<\/td><td>1,00\u20ac\/m<strong>\u00b2<\/strong> <\/td><\/tr><tr><td>Vom 1. Juli bis zum 15. Juli<\/td><td>1,80\u20ac\/m<strong>\u00b2<\/strong> <\/td><\/tr><tr><td>Vom 16. Juli bis 31. August<\/td><td>2,00\u20ac\/m<strong>\u00b2<\/strong> <\/td><\/tr><tr><td>Vom 1. bis 30. September<\/td><td>1,00\u20ac\/m<strong>\u00b2<\/strong>\n<\/td><\/tr><tr><td>Vom 1. Oktober bis 31. Oktober<\/td><td>0,60\u20ac\/m<strong>\u00b2<\/strong> <\/td><\/tr><tr><td>Vom 1. November bis 30. April<\/td><td>0,40\u20ac\/m<strong>\u00b2<\/strong> <\/td><\/tr><\/tbody><\/table><\/figure>\n","protected":false},"excerpt":{"rendered":"<p>Zeit Preis Vom 1. bis 31. Mai 0,60\u20ac\/m\u00b2 Vom 1. Juni bis 31. Juni 1,00\u20ac\/m\u00b2 Vom 1. Juli bis zum 15. Juli 1,80\u20ac\/m\u00b2 Vom 16. Juli bis 31. August 2,00\u20ac\/m\u00b2 Vom 1. bis 30. September 1,00\u20ac\/m\u00b2 Vom 1. Oktober bis 31. Oktober 0,60\u20ac\/m\u00b2 Vom 1. November bis 30. April 0,40\u20ac\/m\u00b2<\/p>\n","protected":false},"author":1,"featured_media":0,"parent":0,"menu_order":0,"comment_status":"closed","ping_status":"closed","template":"","meta":{"_acf_changed":false,"footnotes":""},"class_list":["post-2014","page","type-page","status-publish","hentry"],"acf":[],"yoast_head":"<!-- This site is optimized with the Yoast SEO plugin v24.0 - https:\/\/yoast.com\/wordpress\/plugins\/seo\/ -->\n<title>Tarife und Leistungen | Yachth\u00e4fen der Gemeinde La Maddalena<\/title>\n<meta name=\"description\" content=\"Die Yachth\u00e4fen von La Maddalena bieten f\u00fcr alle Bed\u00fcrfnisse der Seeleute geeignete Tarife. Erfragen Sie die Verf\u00fcgbarkeit eines Ankerplatzes in Cala Gavetta.\" \/>\n<meta name=\"robots\" content=\"index, follow, max-snippet:-1, max-image-preview:large, max-video-preview:-1\" \/>\n<link rel=\"canonical\" href=\"https:\/\/www.portituristicilamaddalena.it\/de\/tarife\/\" \/>\n<meta property=\"og:locale\" content=\"de_DE\" \/>\n<meta property=\"og:type\" content=\"article\" \/>\n<meta property=\"og:title\" content=\"Tarife und Leistungen | Yachth\u00e4fen der Gemeinde La Maddalena\" \/>\n<meta property=\"og:description\" content=\"Die Yachth\u00e4fen von La Maddalena bieten f\u00fcr alle Bed\u00fcrfnisse der Seeleute geeignete Tarife. Erfragen Sie die Verf\u00fcgbarkeit eines Ankerplatzes in Cala Gavetta.\" \/>\n<meta property=\"og:url\" content=\"https:\/\/www.portituristicilamaddalena.it\/de\/tarife\/\" \/>\n<meta property=\"og:site_name\" content=\"Yachth\u00e4fen der Gemeinde La Maddalena\" \/>\n<meta property=\"article:modified_time\" content=\"2022-07-18T12:28:45+00:00\" \/>\n<meta name=\"twitter:card\" content=\"summary_large_image\" \/>\n<script type=\"application\/ld+json\" class=\"yoast-schema-graph\">{\"@context\":\"https:\/\/schema.org\",\"@graph\":[{\"@type\":\"WebPage\",\"@id\":\"https:\/\/www.portituristicilamaddalena.it\/de\/tarife\/\",\"url\":\"https:\/\/www.portituristicilamaddalena.it\/de\/tarife\/\",\"name\":\"Tarife und Leistungen | Yachth\u00e4fen der Gemeinde La Maddalena\",\"isPartOf\":{\"@id\":\"https:\/\/www.portituristicilamaddalena.it\/de\/#website\"},\"datePublished\":\"2019-06-18T14:58:42+00:00\",\"dateModified\":\"2022-07-18T12:28:45+00:00\",\"description\":\"Die Yachth\u00e4fen von La Maddalena bieten f\u00fcr alle Bed\u00fcrfnisse der Seeleute geeignete Tarife. Erfragen Sie die Verf\u00fcgbarkeit eines Ankerplatzes in Cala Gavetta.\",\"breadcrumb\":{\"@id\":\"https:\/\/www.portituristicilamaddalena.it\/de\/tarife\/#breadcrumb\"},\"inLanguage\":\"de-DE\",\"potentialAction\":[{\"@type\":\"ReadAction\",\"target\":[\"https:\/\/www.portituristicilamaddalena.it\/de\/tarife\/\"]}]},{\"@type\":\"BreadcrumbList\",\"@id\":\"https:\/\/www.portituristicilamaddalena.it\/de\/tarife\/#breadcrumb\",\"itemListElement\":[{\"@type\":\"ListItem\",\"position\":1,\"name\":\"Home\",\"item\":\"https:\/\/www.portituristicilamaddalena.it\/de\/\"},{\"@type\":\"ListItem\",\"position\":2,\"name\":\"Tarife\"}]},{\"@type\":\"WebSite\",\"@id\":\"https:\/\/www.portituristicilamaddalena.it\/de\/#website\",\"url\":\"https:\/\/www.portituristicilamaddalena.it\/de\/\",\"name\":\"Yachth\u00e4fen der Gemeinde La Maddalena\",\"description\":\"Yachth\u00e4fen der Gemeinde La Maddalena\",\"publisher\":{\"@id\":\"https:\/\/www.portituristicilamaddalena.it\/de\/#organization\"},\"potentialAction\":[{\"@type\":\"SearchAction\",\"target\":{\"@type\":\"EntryPoint\",\"urlTemplate\":\"https:\/\/www.portituristicilamaddalena.it\/de\/?s={search_term_string}\"},\"query-input\":{\"@type\":\"PropertyValueSpecification\",\"valueRequired\":true,\"valueName\":\"search_term_string\"}}],\"inLanguage\":\"de-DE\"},{\"@type\":\"Organization\",\"@id\":\"https:\/\/www.portituristicilamaddalena.it\/de\/#organization\",\"name\":\"Porti Turistici La Maddalena\",\"url\":\"https:\/\/www.portituristicilamaddalena.it\/de\/\",\"logo\":{\"@type\":\"ImageObject\",\"inLanguage\":\"de-DE\",\"@id\":\"https:\/\/www.portituristicilamaddalena.it\/de\/#\/schema\/logo\/image\/\",\"url\":\"https:\/\/www.portituristicilamaddalena.it\/wp-content\/uploads\/2019\/04\/porto_maddalena_logo_512.png\",\"contentUrl\":\"https:\/\/www.portituristicilamaddalena.it\/wp-content\/uploads\/2019\/04\/porto_maddalena_logo_512.png\",\"width\":512,\"height\":512,\"caption\":\"Porti Turistici La Maddalena\"},\"image\":{\"@id\":\"https:\/\/www.portituristicilamaddalena.it\/de\/#\/schema\/logo\/image\/\"}}]}<\/script>\n<!-- \/ Yoast SEO plugin. -->","yoast_head_json":{"title":"Tarife und Leistungen | Yachth\u00e4fen der Gemeinde La Maddalena","description":"Die Yachth\u00e4fen von La Maddalena bieten f\u00fcr alle Bed\u00fcrfnisse der Seeleute geeignete Tarife. Erfragen Sie die Verf\u00fcgbarkeit eines Ankerplatzes in Cala Gavetta.","robots":{"index":"index","follow":"follow","max-snippet":"max-snippet:-1","max-image-preview":"max-image-preview:large","max-video-preview":"max-video-preview:-1"},"canonical":"https:\/\/www.portituristicilamaddalena.it\/de\/tarife\/","og_locale":"de_DE","og_type":"article","og_title":"Tarife und Leistungen | Yachth\u00e4fen der Gemeinde La Maddalena","og_description":"Die Yachth\u00e4fen von La Maddalena bieten f\u00fcr alle Bed\u00fcrfnisse der Seeleute geeignete Tarife. Erfragen Sie die Verf\u00fcgbarkeit eines Ankerplatzes in Cala Gavetta.","og_url":"https:\/\/www.portituristicilamaddalena.it\/de\/tarife\/","og_site_name":"Yachth\u00e4fen der Gemeinde La Maddalena","article_modified_time":"2022-07-18T12:28:45+00:00","twitter_card":"summary_large_image","schema":{"@context":"https:\/\/schema.org","@graph":[{"@type":"WebPage","@id":"https:\/\/www.portituristicilamaddalena.it\/de\/tarife\/","url":"https:\/\/www.portituristicilamaddalena.it\/de\/tarife\/","name":"Tarife und Leistungen | Yachth\u00e4fen der Gemeinde La Maddalena","isPartOf":{"@id":"https:\/\/www.portituristicilamaddalena.it\/de\/#website"},"datePublished":"2019-06-18T14:58:42+00:00","dateModified":"2022-07-18T12:28:45+00:00","description":"Die Yachth\u00e4fen von La Maddalena bieten f\u00fcr alle Bed\u00fcrfnisse der Seeleute geeignete Tarife. Erfragen Sie die Verf\u00fcgbarkeit eines Ankerplatzes in Cala Gavetta.","breadcrumb":{"@id":"https:\/\/www.portituristicilamaddalena.it\/de\/tarife\/#breadcrumb"},"inLanguage":"de-DE","potentialAction":[{"@type":"ReadAction","target":["https:\/\/www.portituristicilamaddalena.it\/de\/tarife\/"]}]},{"@type":"BreadcrumbList","@id":"https:\/\/www.portituristicilamaddalena.it\/de\/tarife\/#breadcrumb","itemListElement":[{"@type":"ListItem","position":1,"name":"Home","item":"https:\/\/www.portituristicilamaddalena.it\/de\/"},{"@type":"ListItem","position":2,"name":"Tarife"}]},{"@type":"WebSite","@id":"https:\/\/www.portituristicilamaddalena.it\/de\/#website","url":"https:\/\/www.portituristicilamaddalena.it\/de\/","name":"Yachth\u00e4fen der Gemeinde La Maddalena","description":"Yachth\u00e4fen der Gemeinde La Maddalena","publisher":{"@id":"https:\/\/www.portituristicilamaddalena.it\/de\/#organization"},"potentialAction":[{"@type":"SearchAction","target":{"@type":"EntryPoint","urlTemplate":"https:\/\/www.portituristicilamaddalena.it\/de\/?s={search_term_string}"},"query-input":{"@type":"PropertyValueSpecification","valueRequired":true,"valueName":"search_term_string"}}],"inLanguage":"de-DE"},{"@type":"Organization","@id":"https:\/\/www.portituristicilamaddalena.it\/de\/#organization","name":"Porti Turistici La Maddalena","url":"https:\/\/www.portituristicilamaddalena.it\/de\/","logo":{"@type":"ImageObject","inLanguage":"de-DE","@id":"https:\/\/www.portituristicilamaddalena.it\/de\/#\/schema\/logo\/image\/","url":"https:\/\/www.portituristicilamaddalena.it\/wp-content\/uploads\/2019\/04\/porto_maddalena_logo_512.png","contentUrl":"https:\/\/www.portituristicilamaddalena.it\/wp-content\/uploads\/2019\/04\/porto_maddalena_logo_512.png","width":512,"height":512,"caption":"Porti Turistici La Maddalena"},"image":{"@id":"https:\/\/www.portituristicilamaddalena.it\/de\/#\/schema\/logo\/image\/"}}]}},"jetpack_sharing_enabled":true,"_links":{"self":[{"href":"https:\/\/www.portituristicilamaddalena.it\/de\/wp-json\/wp\/v2\/pages\/2014","targetHints":{"allow":["GET"]}}],"collection":[{"href":"https:\/\/www.portituristicilamaddalena.it\/de\/wp-json\/wp\/v2\/pages"}],"about":[{"href":"https:\/\/www.portituristicilamaddalena.it\/de\/wp-json\/wp\/v2\/types\/page"}],"author":[{"embeddable":true,"href":"https:\/\/www.portituristicilamaddalena.it\/de\/wp-json\/wp\/v2\/users\/1"}],"replies":[{"embeddable":true,"href":"https:\/\/www.portituristicilamaddalena.it\/de\/wp-json\/wp\/v2\/comments?post=2014"}],"version-history":[{"count":4,"href":"https:\/\/www.portituristicilamaddalena.it\/de\/wp-json\/wp\/v2\/pages\/2014\/revisions"}],"predecessor-version":[{"id":2583,"href":"https:\/\/www.portituristicilamaddalena.it\/de\/wp-json\/wp\/v2\/pages\/2014\/revisions\/2583"}],"wp:attachment":[{"href":"https:\/\/www.portituristicilamaddalena.it\/de\/wp-json\/wp\/v2\/media?parent=2014"}],"curies":[{"name":"wp","href":"https:\/\/api.w.org\/{rel}","templated":true}]}}