{"id":2108,"date":"2019-06-21T18:00:36","date_gmt":"2019-06-21T16:00:36","guid":{"rendered":"http:\/\/www.portituristicilamaddalena.it\/la-maddalena\/"},"modified":"2019-06-25T14:38:04","modified_gmt":"2019-06-25T12:38:04","slug":"la-maddalena","status":"publish","type":"page","link":"https:\/\/www.portituristicilamaddalena.it\/de\/la-maddalena\/","title":{"rendered":"La Maddalena"},"content":{"rendered":"\n<p style=\"text-align:center\"><strong>La Maddalena<\/strong> ist ein Gebiet von <strong>unvergleichlicher Faszination<\/strong> und wir &#8220;Maddalenini&#8221; sind stolz auf unsere Inseln.<\/p>\n\n\n\n<p style=\"text-align:center\">Aus diesem Grund m\u00f6chten wir <strong>die zarte und unber\u00fchrte Sch\u00f6nheit<\/strong> unseres Archipels mit Ihnen <strong>teilen<\/strong>.<\/p>\n\n\n\n<p style=\"text-align:center\">Erfahren Sie mehr \u00fcber den Archipel von La Maddalena, <strong>Erleben Sie unser Land<\/strong>.<\/p>\n","protected":false},"excerpt":{"rendered":"<p>La Maddalena ist ein Gebiet von unvergleichlicher Faszination und wir &#8220;Maddalenini&#8221; sind stolz auf unsere Inseln. Aus diesem Grund m\u00f6chten wir die zarte und unber\u00fchrte Sch\u00f6nheit unseres Archipels mit Ihnen teilen. Erfahren Sie mehr \u00fcber den Archipel von La Maddalena, Erleben Sie unser Land.<\/p>\n","protected":false},"author":1,"featured_media":278,"parent":0,"menu_order":0,"comment_status":"closed","ping_status":"closed","template":"","meta":{"_acf_changed":false,"footnotes":""},"class_list":["post-2108","page","type-page","status-publish","has-post-thumbnail","hentry"],"acf":[],"yoast_head":"<!-- This site is optimized with the Yoast SEO plugin v24.0 - https:\/\/yoast.com\/wordpress\/plugins\/seo\/ -->\n<title>La Maddalena | Yachth\u00e4fen der Gemeinde La Maddalena<\/title>\n<meta name=\"description\" content=\"Der Archipel von La Maddalena ist ein einzigartiges Gebiet, von zarter und unber\u00fchrter Sch\u00f6nheit. Besuchen Sie La Maddalena, Erleben Sie unser Land.\" \/>\n<meta name=\"robots\" content=\"index, follow, max-snippet:-1, max-image-preview:large, max-video-preview:-1\" \/>\n<link rel=\"canonical\" href=\"https:\/\/www.portituristicilamaddalena.it\/de\/la-maddalena\/\" \/>\n<meta property=\"og:locale\" content=\"de_DE\" \/>\n<meta property=\"og:type\" content=\"article\" \/>\n<meta property=\"og:title\" content=\"La Maddalena | Yachth\u00e4fen der Gemeinde La Maddalena\" \/>\n<meta property=\"og:description\" content=\"Der Archipel von La Maddalena ist ein einzigartiges Gebiet, von zarter und unber\u00fchrter Sch\u00f6nheit. Besuchen Sie La Maddalena, Erleben Sie unser Land.\" \/>\n<meta property=\"og:url\" content=\"https:\/\/www.portituristicilamaddalena.it\/de\/la-maddalena\/\" \/>\n<meta property=\"og:site_name\" content=\"Yachth\u00e4fen der Gemeinde La Maddalena\" \/>\n<meta property=\"article:modified_time\" content=\"2019-06-25T12:38:04+00:00\" \/>\n<meta property=\"og:image\" content=\"https:\/\/www.portituristicilamaddalena.it\/wp-content\/uploads\/2019\/04\/la-maddalena-spiaggia.jpg\" \/>\n\t<meta property=\"og:image:width\" content=\"1702\" \/>\n\t<meta property=\"og:image:height\" content=\"1135\" \/>\n\t<meta property=\"og:image:type\" content=\"image\/jpeg\" \/>\n<meta name=\"twitter:card\" content=\"summary_large_image\" \/>\n<script type=\"application\/ld+json\" class=\"yoast-schema-graph\">{\"@context\":\"https:\/\/schema.org\",\"@graph\":[{\"@type\":\"WebPage\",\"@id\":\"https:\/\/www.portituristicilamaddalena.it\/de\/la-maddalena\/\",\"url\":\"https:\/\/www.portituristicilamaddalena.it\/de\/la-maddalena\/\",\"name\":\"La Maddalena | Yachth\u00e4fen der Gemeinde La Maddalena\",\"isPartOf\":{\"@id\":\"https:\/\/www.portituristicilamaddalena.it\/de\/#website\"},\"primaryImageOfPage\":{\"@id\":\"https:\/\/www.portituristicilamaddalena.it\/de\/la-maddalena\/#primaryimage\"},\"image\":{\"@id\":\"https:\/\/www.portituristicilamaddalena.it\/de\/la-maddalena\/#primaryimage\"},\"thumbnailUrl\":\"https:\/\/www.portituristicilamaddalena.it\/wp-content\/uploads\/2019\/04\/la-maddalena-spiaggia.jpg\",\"datePublished\":\"2019-06-21T16:00:36+00:00\",\"dateModified\":\"2019-06-25T12:38:04+00:00\",\"description\":\"Der Archipel von La Maddalena ist ein einzigartiges Gebiet, von zarter und unber\u00fchrter Sch\u00f6nheit. Besuchen Sie La Maddalena, Erleben Sie unser Land.\",\"breadcrumb\":{\"@id\":\"https:\/\/www.portituristicilamaddalena.it\/de\/la-maddalena\/#breadcrumb\"},\"inLanguage\":\"de-DE\",\"potentialAction\":[{\"@type\":\"ReadAction\",\"target\":[\"https:\/\/www.portituristicilamaddalena.it\/de\/la-maddalena\/\"]}]},{\"@type\":\"ImageObject\",\"inLanguage\":\"de-DE\",\"@id\":\"https:\/\/www.portituristicilamaddalena.it\/de\/la-maddalena\/#primaryimage\",\"url\":\"https:\/\/www.portituristicilamaddalena.it\/wp-content\/uploads\/2019\/04\/la-maddalena-spiaggia.jpg\",\"contentUrl\":\"https:\/\/www.portituristicilamaddalena.it\/wp-content\/uploads\/2019\/04\/la-maddalena-spiaggia.jpg\",\"width\":1702,\"height\":1135},{\"@type\":\"BreadcrumbList\",\"@id\":\"https:\/\/www.portituristicilamaddalena.it\/de\/la-maddalena\/#breadcrumb\",\"itemListElement\":[{\"@type\":\"ListItem\",\"position\":1,\"name\":\"Home\",\"item\":\"https:\/\/www.portituristicilamaddalena.it\/de\/\"},{\"@type\":\"ListItem\",\"position\":2,\"name\":\"La Maddalena\"}]},{\"@type\":\"WebSite\",\"@id\":\"https:\/\/www.portituristicilamaddalena.it\/de\/#website\",\"url\":\"https:\/\/www.portituristicilamaddalena.it\/de\/\",\"name\":\"Yachth\u00e4fen der Gemeinde La Maddalena\",\"description\":\"Yachth\u00e4fen der Gemeinde La Maddalena\",\"publisher\":{\"@id\":\"https:\/\/www.portituristicilamaddalena.it\/de\/#organization\"},\"potentialAction\":[{\"@type\":\"SearchAction\",\"target\":{\"@type\":\"EntryPoint\",\"urlTemplate\":\"https:\/\/www.portituristicilamaddalena.it\/de\/?s={search_term_string}\"},\"query-input\":{\"@type\":\"PropertyValueSpecification\",\"valueRequired\":true,\"valueName\":\"search_term_string\"}}],\"inLanguage\":\"de-DE\"},{\"@type\":\"Organization\",\"@id\":\"https:\/\/www.portituristicilamaddalena.it\/de\/#organization\",\"name\":\"Porti Turistici La Maddalena\",\"url\":\"https:\/\/www.portituristicilamaddalena.it\/de\/\",\"logo\":{\"@type\":\"ImageObject\",\"inLanguage\":\"de-DE\",\"@id\":\"https:\/\/www.portituristicilamaddalena.it\/de\/#\/schema\/logo\/image\/\",\"url\":\"https:\/\/www.portituristicilamaddalena.it\/wp-content\/uploads\/2019\/04\/porto_maddalena_logo_512.png\",\"contentUrl\":\"https:\/\/www.portituristicilamaddalena.it\/wp-content\/uploads\/2019\/04\/porto_maddalena_logo_512.png\",\"width\":512,\"height\":512,\"caption\":\"Porti Turistici La Maddalena\"},\"image\":{\"@id\":\"https:\/\/www.portituristicilamaddalena.it\/de\/#\/schema\/logo\/image\/\"}}]}<\/script>\n<!-- \/ Yoast SEO plugin. -->","yoast_head_json":{"title":"La Maddalena | Yachth\u00e4fen der Gemeinde La Maddalena","description":"Der Archipel von La Maddalena ist ein einzigartiges Gebiet, von zarter und unber\u00fchrter Sch\u00f6nheit. Besuchen Sie La Maddalena, Erleben Sie unser Land.","robots":{"index":"index","follow":"follow","max-snippet":"max-snippet:-1","max-image-preview":"max-image-preview:large","max-video-preview":"max-video-preview:-1"},"canonical":"https:\/\/www.portituristicilamaddalena.it\/de\/la-maddalena\/","og_locale":"de_DE","og_type":"article","og_title":"La Maddalena | Yachth\u00e4fen der Gemeinde La Maddalena","og_description":"Der Archipel von La Maddalena ist ein einzigartiges Gebiet, von zarter und unber\u00fchrter Sch\u00f6nheit. Besuchen Sie La Maddalena, Erleben Sie unser Land.","og_url":"https:\/\/www.portituristicilamaddalena.it\/de\/la-maddalena\/","og_site_name":"Yachth\u00e4fen der Gemeinde La Maddalena","article_modified_time":"2019-06-25T12:38:04+00:00","og_image":[{"width":1702,"height":1135,"url":"https:\/\/www.portituristicilamaddalena.it\/wp-content\/uploads\/2019\/04\/la-maddalena-spiaggia.jpg","type":"image\/jpeg"}],"twitter_card":"summary_large_image","schema":{"@context":"https:\/\/schema.org","@graph":[{"@type":"WebPage","@id":"https:\/\/www.portituristicilamaddalena.it\/de\/la-maddalena\/","url":"https:\/\/www.portituristicilamaddalena.it\/de\/la-maddalena\/","name":"La Maddalena | Yachth\u00e4fen der Gemeinde La Maddalena","isPartOf":{"@id":"https:\/\/www.portituristicilamaddalena.it\/de\/#website"},"primaryImageOfPage":{"@id":"https:\/\/www.portituristicilamaddalena.it\/de\/la-maddalena\/#primaryimage"},"image":{"@id":"https:\/\/www.portituristicilamaddalena.it\/de\/la-maddalena\/#primaryimage"},"thumbnailUrl":"https:\/\/www.portituristicilamaddalena.it\/wp-content\/uploads\/2019\/04\/la-maddalena-spiaggia.jpg","datePublished":"2019-06-21T16:00:36+00:00","dateModified":"2019-06-25T12:38:04+00:00","description":"Der Archipel von La Maddalena ist ein einzigartiges Gebiet, von zarter und unber\u00fchrter Sch\u00f6nheit. Besuchen Sie La Maddalena, Erleben Sie unser Land.","breadcrumb":{"@id":"https:\/\/www.portituristicilamaddalena.it\/de\/la-maddalena\/#breadcrumb"},"inLanguage":"de-DE","potentialAction":[{"@type":"ReadAction","target":["https:\/\/www.portituristicilamaddalena.it\/de\/la-maddalena\/"]}]},{"@type":"ImageObject","inLanguage":"de-DE","@id":"https:\/\/www.portituristicilamaddalena.it\/de\/la-maddalena\/#primaryimage","url":"https:\/\/www.portituristicilamaddalena.it\/wp-content\/uploads\/2019\/04\/la-maddalena-spiaggia.jpg","contentUrl":"https:\/\/www.portituristicilamaddalena.it\/wp-content\/uploads\/2019\/04\/la-maddalena-spiaggia.jpg","width":1702,"height":1135},{"@type":"BreadcrumbList","@id":"https:\/\/www.portituristicilamaddalena.it\/de\/la-maddalena\/#breadcrumb","itemListElement":[{"@type":"ListItem","position":1,"name":"Home","item":"https:\/\/www.portituristicilamaddalena.it\/de\/"},{"@type":"ListItem","position":2,"name":"La Maddalena"}]},{"@type":"WebSite","@id":"https:\/\/www.portituristicilamaddalena.it\/de\/#website","url":"https:\/\/www.portituristicilamaddalena.it\/de\/","name":"Yachth\u00e4fen der Gemeinde La Maddalena","description":"Yachth\u00e4fen der Gemeinde La Maddalena","publisher":{"@id":"https:\/\/www.portituristicilamaddalena.it\/de\/#organization"},"potentialAction":[{"@type":"SearchAction","target":{"@type":"EntryPoint","urlTemplate":"https:\/\/www.portituristicilamaddalena.it\/de\/?s={search_term_string}"},"query-input":{"@type":"PropertyValueSpecification","valueRequired":true,"valueName":"search_term_string"}}],"inLanguage":"de-DE"},{"@type":"Organization","@id":"https:\/\/www.portituristicilamaddalena.it\/de\/#organization","name":"Porti Turistici La Maddalena","url":"https:\/\/www.portituristicilamaddalena.it\/de\/","logo":{"@type":"ImageObject","inLanguage":"de-DE","@id":"https:\/\/www.portituristicilamaddalena.it\/de\/#\/schema\/logo\/image\/","url":"https:\/\/www.portituristicilamaddalena.it\/wp-content\/uploads\/2019\/04\/porto_maddalena_logo_512.png","contentUrl":"https:\/\/www.portituristicilamaddalena.it\/wp-content\/uploads\/2019\/04\/porto_maddalena_logo_512.png","width":512,"height":512,"caption":"Porti Turistici La Maddalena"},"image":{"@id":"https:\/\/www.portituristicilamaddalena.it\/de\/#\/schema\/logo\/image\/"}}]}},"jetpack_sharing_enabled":true,"_links":{"self":[{"href":"https:\/\/www.portituristicilamaddalena.it\/de\/wp-json\/wp\/v2\/pages\/2108","targetHints":{"allow":["GET"]}}],"collection":[{"href":"https:\/\/www.portituristicilamaddalena.it\/de\/wp-json\/wp\/v2\/pages"}],"about":[{"href":"https:\/\/www.portituristicilamaddalena.it\/de\/wp-json\/wp\/v2\/types\/page"}],"author":[{"embeddable":true,"href":"https:\/\/www.portituristicilamaddalena.it\/de\/wp-json\/wp\/v2\/users\/1"}],"replies":[{"embeddable":true,"href":"https:\/\/www.portituristicilamaddalena.it\/de\/wp-json\/wp\/v2\/comments?post=2108"}],"version-history":[{"count":7,"href":"https:\/\/www.portituristicilamaddalena.it\/de\/wp-json\/wp\/v2\/pages\/2108\/revisions"}],"predecessor-version":[{"id":2445,"href":"https:\/\/www.portituristicilamaddalena.it\/de\/wp-json\/wp\/v2\/pages\/2108\/revisions\/2445"}],"wp:featuredmedia":[{"embeddable":true,"href":"https:\/\/www.portituristicilamaddalena.it\/de\/wp-json\/wp\/v2\/media\/278"}],"wp:attachment":[{"href":"https:\/\/www.portituristicilamaddalena.it\/de\/wp-json\/wp\/v2\/media?parent=2108"}],"curies":[{"name":"wp","href":"https:\/\/api.w.org\/{rel}","templated":true}]}}