{"id":2128,"date":"2019-06-24T10:34:04","date_gmt":"2019-06-24T08:34:04","guid":{"rendered":"http:\/\/www.portituristicilamaddalena.it\/wie-sie-uns-erreichen-konnen\/"},"modified":"2019-06-24T10:36:22","modified_gmt":"2019-06-24T08:36:22","slug":"wie-sie-uns-erreichen-konnen","status":"publish","type":"page","link":"https:\/\/www.portituristicilamaddalena.it\/de\/kontakte\/wie-sie-uns-erreichen-konnen\/","title":{"rendered":"Wie sie uns erreichen k\u00f6nnen"},"content":{"rendered":"\n<p>Der Yachthafen <strong>Cala Gavetta<\/strong> ist, dank der <strong>F\u00e4hren<\/strong>, die Sardinien mit La Maddalena verbinden, vom <strong>Hafen von Palau<\/strong> aus erreichbar.<\/p>\n\n\n\n<p>Palau ist mit dem Auto, <strong>\u00f6ffentlichen Verkehrsmitteln<\/strong> und<strong> privaten Buslinien<\/strong> zu erreichen.<\/p>\n","protected":false},"excerpt":{"rendered":"<p>Der Yachthafen Cala Gavetta ist, dank der F\u00e4hren, die Sardinien mit La Maddalena verbinden, vom Hafen von Palau aus erreichbar. Palau ist mit dem Auto, \u00f6ffentlichen Verkehrsmitteln und privaten Buslinien zu erreichen.<\/p>\n","protected":false},"author":1,"featured_media":0,"parent":2133,"menu_order":0,"comment_status":"closed","ping_status":"closed","template":"","meta":{"_acf_changed":false,"footnotes":""},"class_list":["post-2128","page","type-page","status-publish","hentry"],"acf":[],"yoast_head":"<!-- This site is optimized with the Yoast SEO plugin v24.0 - https:\/\/yoast.com\/wordpress\/plugins\/seo\/ -->\n<title>Wie sie uns erreichen k\u00f6nnen | Yachth\u00e4fen der Gemeinde La Maddalena<\/title>\n<meta name=\"description\" content=\"Der Hafen Cala Gavetta ist von Palau aus mit den F\u00e4hren zu erreichen, die Sardinien mit La Maddalena verbinden. Informationen zu Buslinien und \u00f6ffentlichen Verkehrsmitteln.\" \/>\n<meta name=\"robots\" content=\"index, follow, max-snippet:-1, max-image-preview:large, max-video-preview:-1\" \/>\n<link rel=\"canonical\" href=\"https:\/\/www.portituristicilamaddalena.it\/de\/kontakte\/wie-sie-uns-erreichen-konnen\/\" \/>\n<meta property=\"og:locale\" content=\"de_DE\" \/>\n<meta property=\"og:type\" content=\"article\" \/>\n<meta property=\"og:title\" content=\"Wie sie uns erreichen k\u00f6nnen | Yachth\u00e4fen der Gemeinde La Maddalena\" \/>\n<meta property=\"og:description\" content=\"Der Hafen Cala Gavetta ist von Palau aus mit den F\u00e4hren zu erreichen, die Sardinien mit La Maddalena verbinden. Informationen zu Buslinien und \u00f6ffentlichen Verkehrsmitteln.\" \/>\n<meta property=\"og:url\" content=\"https:\/\/www.portituristicilamaddalena.it\/de\/kontakte\/wie-sie-uns-erreichen-konnen\/\" \/>\n<meta property=\"og:site_name\" content=\"Yachth\u00e4fen der Gemeinde La Maddalena\" \/>\n<meta property=\"article:modified_time\" content=\"2019-06-24T08:36:22+00:00\" \/>\n<meta name=\"twitter:card\" content=\"summary_large_image\" \/>\n<script type=\"application\/ld+json\" class=\"yoast-schema-graph\">{\"@context\":\"https:\/\/schema.org\",\"@graph\":[{\"@type\":\"WebPage\",\"@id\":\"https:\/\/www.portituristicilamaddalena.it\/de\/kontakte\/wie-sie-uns-erreichen-konnen\/\",\"url\":\"https:\/\/www.portituristicilamaddalena.it\/de\/kontakte\/wie-sie-uns-erreichen-konnen\/\",\"name\":\"Wie sie uns erreichen k\u00f6nnen | Yachth\u00e4fen der Gemeinde La Maddalena\",\"isPartOf\":{\"@id\":\"https:\/\/www.portituristicilamaddalena.it\/de\/#website\"},\"datePublished\":\"2019-06-24T08:34:04+00:00\",\"dateModified\":\"2019-06-24T08:36:22+00:00\",\"description\":\"Der Hafen Cala Gavetta ist von Palau aus mit den F\u00e4hren zu erreichen, die Sardinien mit La Maddalena verbinden. Informationen zu Buslinien und \u00f6ffentlichen Verkehrsmitteln.\",\"breadcrumb\":{\"@id\":\"https:\/\/www.portituristicilamaddalena.it\/de\/kontakte\/wie-sie-uns-erreichen-konnen\/#breadcrumb\"},\"inLanguage\":\"de-DE\",\"potentialAction\":[{\"@type\":\"ReadAction\",\"target\":[\"https:\/\/www.portituristicilamaddalena.it\/de\/kontakte\/wie-sie-uns-erreichen-konnen\/\"]}]},{\"@type\":\"BreadcrumbList\",\"@id\":\"https:\/\/www.portituristicilamaddalena.it\/de\/kontakte\/wie-sie-uns-erreichen-konnen\/#breadcrumb\",\"itemListElement\":[{\"@type\":\"ListItem\",\"position\":1,\"name\":\"Home\",\"item\":\"https:\/\/www.portituristicilamaddalena.it\/de\/\"},{\"@type\":\"ListItem\",\"position\":2,\"name\":\"Kontakte\",\"item\":\"https:\/\/www.portituristicilamaddalena.it\/de\/kontakte\/\"},{\"@type\":\"ListItem\",\"position\":3,\"name\":\"Wie sie uns erreichen k\u00f6nnen\"}]},{\"@type\":\"WebSite\",\"@id\":\"https:\/\/www.portituristicilamaddalena.it\/de\/#website\",\"url\":\"https:\/\/www.portituristicilamaddalena.it\/de\/\",\"name\":\"Yachth\u00e4fen der Gemeinde La Maddalena\",\"description\":\"Yachth\u00e4fen der Gemeinde La Maddalena\",\"publisher\":{\"@id\":\"https:\/\/www.portituristicilamaddalena.it\/de\/#organization\"},\"potentialAction\":[{\"@type\":\"SearchAction\",\"target\":{\"@type\":\"EntryPoint\",\"urlTemplate\":\"https:\/\/www.portituristicilamaddalena.it\/de\/?s={search_term_string}\"},\"query-input\":{\"@type\":\"PropertyValueSpecification\",\"valueRequired\":true,\"valueName\":\"search_term_string\"}}],\"inLanguage\":\"de-DE\"},{\"@type\":\"Organization\",\"@id\":\"https:\/\/www.portituristicilamaddalena.it\/de\/#organization\",\"name\":\"Porti Turistici La Maddalena\",\"url\":\"https:\/\/www.portituristicilamaddalena.it\/de\/\",\"logo\":{\"@type\":\"ImageObject\",\"inLanguage\":\"de-DE\",\"@id\":\"https:\/\/www.portituristicilamaddalena.it\/de\/#\/schema\/logo\/image\/\",\"url\":\"https:\/\/www.portituristicilamaddalena.it\/wp-content\/uploads\/2019\/04\/porto_maddalena_logo_512.png\",\"contentUrl\":\"https:\/\/www.portituristicilamaddalena.it\/wp-content\/uploads\/2019\/04\/porto_maddalena_logo_512.png\",\"width\":512,\"height\":512,\"caption\":\"Porti Turistici La Maddalena\"},\"image\":{\"@id\":\"https:\/\/www.portituristicilamaddalena.it\/de\/#\/schema\/logo\/image\/\"}}]}<\/script>\n<!-- \/ Yoast SEO plugin. -->","yoast_head_json":{"title":"Wie sie uns erreichen k\u00f6nnen | Yachth\u00e4fen der Gemeinde La Maddalena","description":"Der Hafen Cala Gavetta ist von Palau aus mit den F\u00e4hren zu erreichen, die Sardinien mit La Maddalena verbinden. Informationen zu Buslinien und \u00f6ffentlichen Verkehrsmitteln.","robots":{"index":"index","follow":"follow","max-snippet":"max-snippet:-1","max-image-preview":"max-image-preview:large","max-video-preview":"max-video-preview:-1"},"canonical":"https:\/\/www.portituristicilamaddalena.it\/de\/kontakte\/wie-sie-uns-erreichen-konnen\/","og_locale":"de_DE","og_type":"article","og_title":"Wie sie uns erreichen k\u00f6nnen | Yachth\u00e4fen der Gemeinde La Maddalena","og_description":"Der Hafen Cala Gavetta ist von Palau aus mit den F\u00e4hren zu erreichen, die Sardinien mit La Maddalena verbinden. Informationen zu Buslinien und \u00f6ffentlichen Verkehrsmitteln.","og_url":"https:\/\/www.portituristicilamaddalena.it\/de\/kontakte\/wie-sie-uns-erreichen-konnen\/","og_site_name":"Yachth\u00e4fen der Gemeinde La Maddalena","article_modified_time":"2019-06-24T08:36:22+00:00","twitter_card":"summary_large_image","schema":{"@context":"https:\/\/schema.org","@graph":[{"@type":"WebPage","@id":"https:\/\/www.portituristicilamaddalena.it\/de\/kontakte\/wie-sie-uns-erreichen-konnen\/","url":"https:\/\/www.portituristicilamaddalena.it\/de\/kontakte\/wie-sie-uns-erreichen-konnen\/","name":"Wie sie uns erreichen k\u00f6nnen | Yachth\u00e4fen der Gemeinde La Maddalena","isPartOf":{"@id":"https:\/\/www.portituristicilamaddalena.it\/de\/#website"},"datePublished":"2019-06-24T08:34:04+00:00","dateModified":"2019-06-24T08:36:22+00:00","description":"Der Hafen Cala Gavetta ist von Palau aus mit den F\u00e4hren zu erreichen, die Sardinien mit La Maddalena verbinden. Informationen zu Buslinien und \u00f6ffentlichen Verkehrsmitteln.","breadcrumb":{"@id":"https:\/\/www.portituristicilamaddalena.it\/de\/kontakte\/wie-sie-uns-erreichen-konnen\/#breadcrumb"},"inLanguage":"de-DE","potentialAction":[{"@type":"ReadAction","target":["https:\/\/www.portituristicilamaddalena.it\/de\/kontakte\/wie-sie-uns-erreichen-konnen\/"]}]},{"@type":"BreadcrumbList","@id":"https:\/\/www.portituristicilamaddalena.it\/de\/kontakte\/wie-sie-uns-erreichen-konnen\/#breadcrumb","itemListElement":[{"@type":"ListItem","position":1,"name":"Home","item":"https:\/\/www.portituristicilamaddalena.it\/de\/"},{"@type":"ListItem","position":2,"name":"Kontakte","item":"https:\/\/www.portituristicilamaddalena.it\/de\/kontakte\/"},{"@type":"ListItem","position":3,"name":"Wie sie uns erreichen k\u00f6nnen"}]},{"@type":"WebSite","@id":"https:\/\/www.portituristicilamaddalena.it\/de\/#website","url":"https:\/\/www.portituristicilamaddalena.it\/de\/","name":"Yachth\u00e4fen der Gemeinde La Maddalena","description":"Yachth\u00e4fen der Gemeinde La Maddalena","publisher":{"@id":"https:\/\/www.portituristicilamaddalena.it\/de\/#organization"},"potentialAction":[{"@type":"SearchAction","target":{"@type":"EntryPoint","urlTemplate":"https:\/\/www.portituristicilamaddalena.it\/de\/?s={search_term_string}"},"query-input":{"@type":"PropertyValueSpecification","valueRequired":true,"valueName":"search_term_string"}}],"inLanguage":"de-DE"},{"@type":"Organization","@id":"https:\/\/www.portituristicilamaddalena.it\/de\/#organization","name":"Porti Turistici La Maddalena","url":"https:\/\/www.portituristicilamaddalena.it\/de\/","logo":{"@type":"ImageObject","inLanguage":"de-DE","@id":"https:\/\/www.portituristicilamaddalena.it\/de\/#\/schema\/logo\/image\/","url":"https:\/\/www.portituristicilamaddalena.it\/wp-content\/uploads\/2019\/04\/porto_maddalena_logo_512.png","contentUrl":"https:\/\/www.portituristicilamaddalena.it\/wp-content\/uploads\/2019\/04\/porto_maddalena_logo_512.png","width":512,"height":512,"caption":"Porti Turistici La Maddalena"},"image":{"@id":"https:\/\/www.portituristicilamaddalena.it\/de\/#\/schema\/logo\/image\/"}}]}},"jetpack_sharing_enabled":true,"_links":{"self":[{"href":"https:\/\/www.portituristicilamaddalena.it\/de\/wp-json\/wp\/v2\/pages\/2128","targetHints":{"allow":["GET"]}}],"collection":[{"href":"https:\/\/www.portituristicilamaddalena.it\/de\/wp-json\/wp\/v2\/pages"}],"about":[{"href":"https:\/\/www.portituristicilamaddalena.it\/de\/wp-json\/wp\/v2\/types\/page"}],"author":[{"embeddable":true,"href":"https:\/\/www.portituristicilamaddalena.it\/de\/wp-json\/wp\/v2\/users\/1"}],"replies":[{"embeddable":true,"href":"https:\/\/www.portituristicilamaddalena.it\/de\/wp-json\/wp\/v2\/comments?post=2128"}],"version-history":[{"count":4,"href":"https:\/\/www.portituristicilamaddalena.it\/de\/wp-json\/wp\/v2\/pages\/2128\/revisions"}],"predecessor-version":[{"id":2132,"href":"https:\/\/www.portituristicilamaddalena.it\/de\/wp-json\/wp\/v2\/pages\/2128\/revisions\/2132"}],"up":[{"embeddable":true,"href":"https:\/\/www.portituristicilamaddalena.it\/de\/wp-json\/wp\/v2\/pages\/2133"}],"wp:attachment":[{"href":"https:\/\/www.portituristicilamaddalena.it\/de\/wp-json\/wp\/v2\/media?parent=2128"}],"curies":[{"name":"wp","href":"https:\/\/api.w.org\/{rel}","templated":true}]}}