{"id":1969,"date":"2019-06-18T15:43:59","date_gmt":"2019-06-18T13:43:59","guid":{"rendered":"http:\/\/www.portituristicilamaddalena.it\/tarifs\/"},"modified":"2022-07-18T14:27:40","modified_gmt":"2022-07-18T12:27:40","slug":"tarifs","status":"publish","type":"page","link":"https:\/\/www.portituristicilamaddalena.it\/fr\/tarifs\/","title":{"rendered":"Tarifs"},"content":{"rendered":"\n<figure class=\"wp-block-table aligncenter\"><table><tbody><tr><td>Periodo<\/td><td>Prezzo<\/td><\/tr><tr><td>Du 1er mai au 31 mai<\/td><td>0,60\u20ac par m\u00b2<\/td><\/tr><tr><td>Du 1er au 31 juin<\/td><td>1,00\u20ac par m\u00b2<\/td><\/tr><tr><td>Du 1er juillet au 15 juillet<\/td><td>1,80\u20ac par m\u00b2<\/td><\/tr><tr><td>Du 16 juillet au 31 ao\u00fbt<\/td><td>2,00\u20ac par m\u00b2<\/td><\/tr><tr><td>Du 1er au 30 septembre<\/td><td>1,00\u20ac par m\u00b2 <\/td><\/tr><tr><td>Du 1er au 31 octobre<\/td><td>0,60\u20ac par m\u00b2<\/td><\/tr><tr><td>Du 1er novembre au 30 avril<\/td><td>0,40\u20ac par m\u00b2 <\/td><\/tr><\/tbody><\/table><\/figure>\n","protected":false},"excerpt":{"rendered":"<p>Periodo Prezzo Du 1er mai au 31 mai 0,60\u20ac par m\u00b2 Du 1er au 31 juin 1,00\u20ac par m\u00b2 Du 1er juillet au 15 juillet 1,80\u20ac par m\u00b2 Du 16 juillet au 31 ao\u00fbt 2,00\u20ac par m\u00b2 Du 1er au 30 septembre 1,00\u20ac par m\u00b2 Du 1er au 31 octobre 0,60\u20ac par m\u00b2 Du 1er [&hellip;]<\/p>\n","protected":false},"author":1,"featured_media":0,"parent":0,"menu_order":0,"comment_status":"closed","ping_status":"closed","template":"","meta":{"_acf_changed":false,"footnotes":""},"class_list":["post-1969","page","type-page","status-publish","hentry"],"acf":[],"yoast_head":"<!-- This site is optimized with the Yoast SEO plugin v24.0 - https:\/\/yoast.com\/wordpress\/plugins\/seo\/ -->\n<title>Tarifs et services | Ports de plaisance de la Municipalit\u00e9 de La Maddalena<\/title>\n<meta name=\"description\" content=\"Les ports de plaisance de La Maddalena proposent des tarifs adapt\u00e9s \u00e0 toutes les exigences des navigants. Demandez la disponibilit\u00e9 pour amarrer \u00e0 Cala Gavetta.\" \/>\n<meta name=\"robots\" content=\"index, follow, max-snippet:-1, max-image-preview:large, max-video-preview:-1\" \/>\n<link rel=\"canonical\" href=\"https:\/\/www.portituristicilamaddalena.it\/fr\/tarifs\/\" \/>\n<meta property=\"og:locale\" content=\"fr_FR\" \/>\n<meta property=\"og:type\" content=\"article\" \/>\n<meta property=\"og:title\" content=\"Tarifs et services | Ports de plaisance de la Municipalit\u00e9 de La Maddalena\" \/>\n<meta property=\"og:description\" content=\"Les ports de plaisance de La Maddalena proposent des tarifs adapt\u00e9s \u00e0 toutes les exigences des navigants. Demandez la disponibilit\u00e9 pour amarrer \u00e0 Cala Gavetta.\" \/>\n<meta property=\"og:url\" content=\"https:\/\/www.portituristicilamaddalena.it\/fr\/tarifs\/\" \/>\n<meta property=\"og:site_name\" content=\"Ports de plaisance de la Municipalit\u00e9 de La Maddalena\" \/>\n<meta property=\"article:modified_time\" content=\"2022-07-18T12:27:40+00:00\" \/>\n<meta name=\"twitter:card\" content=\"summary_large_image\" \/>\n<script type=\"application\/ld+json\" class=\"yoast-schema-graph\">{\"@context\":\"https:\/\/schema.org\",\"@graph\":[{\"@type\":\"WebPage\",\"@id\":\"https:\/\/www.portituristicilamaddalena.it\/fr\/tarifs\/\",\"url\":\"https:\/\/www.portituristicilamaddalena.it\/fr\/tarifs\/\",\"name\":\"Tarifs et services | Ports de plaisance de la Municipalit\u00e9 de La Maddalena\",\"isPartOf\":{\"@id\":\"https:\/\/www.portituristicilamaddalena.it\/fr\/#website\"},\"datePublished\":\"2019-06-18T13:43:59+00:00\",\"dateModified\":\"2022-07-18T12:27:40+00:00\",\"description\":\"Les ports de plaisance de La Maddalena proposent des tarifs adapt\u00e9s \u00e0 toutes les exigences des navigants. Demandez la disponibilit\u00e9 pour amarrer \u00e0 Cala Gavetta.\",\"breadcrumb\":{\"@id\":\"https:\/\/www.portituristicilamaddalena.it\/fr\/tarifs\/#breadcrumb\"},\"inLanguage\":\"fr-FR\",\"potentialAction\":[{\"@type\":\"ReadAction\",\"target\":[\"https:\/\/www.portituristicilamaddalena.it\/fr\/tarifs\/\"]}]},{\"@type\":\"BreadcrumbList\",\"@id\":\"https:\/\/www.portituristicilamaddalena.it\/fr\/tarifs\/#breadcrumb\",\"itemListElement\":[{\"@type\":\"ListItem\",\"position\":1,\"name\":\"Home\",\"item\":\"https:\/\/www.portituristicilamaddalena.it\/fr\/\"},{\"@type\":\"ListItem\",\"position\":2,\"name\":\"Tarifs\"}]},{\"@type\":\"WebSite\",\"@id\":\"https:\/\/www.portituristicilamaddalena.it\/fr\/#website\",\"url\":\"https:\/\/www.portituristicilamaddalena.it\/fr\/\",\"name\":\"Ports de plaisance de la Municipalit\u00e9 de La Maddalena\",\"description\":\"Ports de plaisance de la Municipalit\u00e9 de La Maddalena\",\"publisher\":{\"@id\":\"https:\/\/www.portituristicilamaddalena.it\/fr\/#organization\"},\"potentialAction\":[{\"@type\":\"SearchAction\",\"target\":{\"@type\":\"EntryPoint\",\"urlTemplate\":\"https:\/\/www.portituristicilamaddalena.it\/fr\/?s={search_term_string}\"},\"query-input\":{\"@type\":\"PropertyValueSpecification\",\"valueRequired\":true,\"valueName\":\"search_term_string\"}}],\"inLanguage\":\"fr-FR\"},{\"@type\":\"Organization\",\"@id\":\"https:\/\/www.portituristicilamaddalena.it\/fr\/#organization\",\"name\":\"Porti Turistici La Maddalena\",\"url\":\"https:\/\/www.portituristicilamaddalena.it\/fr\/\",\"logo\":{\"@type\":\"ImageObject\",\"inLanguage\":\"fr-FR\",\"@id\":\"https:\/\/www.portituristicilamaddalena.it\/fr\/#\/schema\/logo\/image\/\",\"url\":\"https:\/\/www.portituristicilamaddalena.it\/wp-content\/uploads\/2019\/04\/porto_maddalena_logo_512.png\",\"contentUrl\":\"https:\/\/www.portituristicilamaddalena.it\/wp-content\/uploads\/2019\/04\/porto_maddalena_logo_512.png\",\"width\":512,\"height\":512,\"caption\":\"Porti Turistici La Maddalena\"},\"image\":{\"@id\":\"https:\/\/www.portituristicilamaddalena.it\/fr\/#\/schema\/logo\/image\/\"}}]}<\/script>\n<!-- \/ Yoast SEO plugin. -->","yoast_head_json":{"title":"Tarifs et services | Ports de plaisance de la Municipalit\u00e9 de La Maddalena","description":"Les ports de plaisance de La Maddalena proposent des tarifs adapt\u00e9s \u00e0 toutes les exigences des navigants. Demandez la disponibilit\u00e9 pour amarrer \u00e0 Cala Gavetta.","robots":{"index":"index","follow":"follow","max-snippet":"max-snippet:-1","max-image-preview":"max-image-preview:large","max-video-preview":"max-video-preview:-1"},"canonical":"https:\/\/www.portituristicilamaddalena.it\/fr\/tarifs\/","og_locale":"fr_FR","og_type":"article","og_title":"Tarifs et services | Ports de plaisance de la Municipalit\u00e9 de La Maddalena","og_description":"Les ports de plaisance de La Maddalena proposent des tarifs adapt\u00e9s \u00e0 toutes les exigences des navigants. Demandez la disponibilit\u00e9 pour amarrer \u00e0 Cala Gavetta.","og_url":"https:\/\/www.portituristicilamaddalena.it\/fr\/tarifs\/","og_site_name":"Ports de plaisance de la Municipalit\u00e9 de La Maddalena","article_modified_time":"2022-07-18T12:27:40+00:00","twitter_card":"summary_large_image","schema":{"@context":"https:\/\/schema.org","@graph":[{"@type":"WebPage","@id":"https:\/\/www.portituristicilamaddalena.it\/fr\/tarifs\/","url":"https:\/\/www.portituristicilamaddalena.it\/fr\/tarifs\/","name":"Tarifs et services | Ports de plaisance de la Municipalit\u00e9 de La Maddalena","isPartOf":{"@id":"https:\/\/www.portituristicilamaddalena.it\/fr\/#website"},"datePublished":"2019-06-18T13:43:59+00:00","dateModified":"2022-07-18T12:27:40+00:00","description":"Les ports de plaisance de La Maddalena proposent des tarifs adapt\u00e9s \u00e0 toutes les exigences des navigants. Demandez la disponibilit\u00e9 pour amarrer \u00e0 Cala Gavetta.","breadcrumb":{"@id":"https:\/\/www.portituristicilamaddalena.it\/fr\/tarifs\/#breadcrumb"},"inLanguage":"fr-FR","potentialAction":[{"@type":"ReadAction","target":["https:\/\/www.portituristicilamaddalena.it\/fr\/tarifs\/"]}]},{"@type":"BreadcrumbList","@id":"https:\/\/www.portituristicilamaddalena.it\/fr\/tarifs\/#breadcrumb","itemListElement":[{"@type":"ListItem","position":1,"name":"Home","item":"https:\/\/www.portituristicilamaddalena.it\/fr\/"},{"@type":"ListItem","position":2,"name":"Tarifs"}]},{"@type":"WebSite","@id":"https:\/\/www.portituristicilamaddalena.it\/fr\/#website","url":"https:\/\/www.portituristicilamaddalena.it\/fr\/","name":"Ports de plaisance de la Municipalit\u00e9 de La Maddalena","description":"Ports de plaisance de la Municipalit\u00e9 de La Maddalena","publisher":{"@id":"https:\/\/www.portituristicilamaddalena.it\/fr\/#organization"},"potentialAction":[{"@type":"SearchAction","target":{"@type":"EntryPoint","urlTemplate":"https:\/\/www.portituristicilamaddalena.it\/fr\/?s={search_term_string}"},"query-input":{"@type":"PropertyValueSpecification","valueRequired":true,"valueName":"search_term_string"}}],"inLanguage":"fr-FR"},{"@type":"Organization","@id":"https:\/\/www.portituristicilamaddalena.it\/fr\/#organization","name":"Porti Turistici La Maddalena","url":"https:\/\/www.portituristicilamaddalena.it\/fr\/","logo":{"@type":"ImageObject","inLanguage":"fr-FR","@id":"https:\/\/www.portituristicilamaddalena.it\/fr\/#\/schema\/logo\/image\/","url":"https:\/\/www.portituristicilamaddalena.it\/wp-content\/uploads\/2019\/04\/porto_maddalena_logo_512.png","contentUrl":"https:\/\/www.portituristicilamaddalena.it\/wp-content\/uploads\/2019\/04\/porto_maddalena_logo_512.png","width":512,"height":512,"caption":"Porti Turistici La Maddalena"},"image":{"@id":"https:\/\/www.portituristicilamaddalena.it\/fr\/#\/schema\/logo\/image\/"}}]}},"jetpack_sharing_enabled":true,"_links":{"self":[{"href":"https:\/\/www.portituristicilamaddalena.it\/fr\/wp-json\/wp\/v2\/pages\/1969","targetHints":{"allow":["GET"]}}],"collection":[{"href":"https:\/\/www.portituristicilamaddalena.it\/fr\/wp-json\/wp\/v2\/pages"}],"about":[{"href":"https:\/\/www.portituristicilamaddalena.it\/fr\/wp-json\/wp\/v2\/types\/page"}],"author":[{"embeddable":true,"href":"https:\/\/www.portituristicilamaddalena.it\/fr\/wp-json\/wp\/v2\/users\/1"}],"replies":[{"embeddable":true,"href":"https:\/\/www.portituristicilamaddalena.it\/fr\/wp-json\/wp\/v2\/comments?post=1969"}],"version-history":[{"count":4,"href":"https:\/\/www.portituristicilamaddalena.it\/fr\/wp-json\/wp\/v2\/pages\/1969\/revisions"}],"predecessor-version":[{"id":2582,"href":"https:\/\/www.portituristicilamaddalena.it\/fr\/wp-json\/wp\/v2\/pages\/1969\/revisions\/2582"}],"wp:attachment":[{"href":"https:\/\/www.portituristicilamaddalena.it\/fr\/wp-json\/wp\/v2\/media?parent=1969"}],"curies":[{"name":"wp","href":"https:\/\/api.w.org\/{rel}","templated":true}]}}