{"id":1984,"date":"2019-06-18T16:29:25","date_gmt":"2019-06-18T14:29:25","guid":{"rendered":"http:\/\/www.portituristicilamaddalena.it\/contatti\/come-raggiungerci\/"},"modified":"2019-06-21T15:56:56","modified_gmt":"2019-06-21T13:56:56","slug":"plan-d-acces","status":"publish","type":"page","link":"https:\/\/www.portituristicilamaddalena.it\/fr\/contact\/plan-d-acces\/","title":{"rendered":"Plan d\u2019acc\u00e8s"},"content":{"rendered":"\n<p>Le port de <strong>Cala Gavetta<\/strong> est accessible depuis le <strong>port de Palau<\/strong> gr\u00e2ce aux <strong>ferries<\/strong> qui relient la Sardaigne \u00e0 La Maddalena.<\/p>\n\n\n\n<p> Palau est accessible par la route, en prenant les <strong>transports publics<\/strong> ou les lignes de <strong>bus<\/strong> priv\u00e9es.<\/p>\n","protected":false},"excerpt":{"rendered":"<p>Le port de Cala Gavetta est accessible depuis le port de Palau gr\u00e2ce aux ferries qui relient la Sardaigne \u00e0 La Maddalena. Palau est accessible par la route, en prenant les transports publics ou les lignes de bus priv\u00e9es.<\/p>\n","protected":false},"author":1,"featured_media":0,"parent":1982,"menu_order":0,"comment_status":"closed","ping_status":"closed","template":"","meta":{"_acf_changed":false,"footnotes":""},"class_list":["post-1984","page","type-page","status-publish","hentry"],"acf":[],"yoast_head":"<!-- This site is optimized with the Yoast SEO plugin v24.0 - https:\/\/yoast.com\/wordpress\/plugins\/seo\/ -->\n<title>Plan d\u2019acc\u00e8s | Ports de plaisance de la Municipalit\u00e9 de La Maddalena<\/title>\n<meta name=\"description\" content=\"Le port de Cala Gavetta est accessible depuis Palau gr\u00e2ce aux ferries qui relient la Sardaigne \u00e0 La Maddalena. D\u00e9couvrez les lignes de bus et transports publics.\" \/>\n<meta name=\"robots\" content=\"index, follow, max-snippet:-1, max-image-preview:large, max-video-preview:-1\" \/>\n<link rel=\"canonical\" href=\"https:\/\/www.portituristicilamaddalena.it\/fr\/contact\/plan-d-acces\/\" \/>\n<meta property=\"og:locale\" content=\"fr_FR\" \/>\n<meta property=\"og:type\" content=\"article\" \/>\n<meta property=\"og:title\" content=\"Plan d\u2019acc\u00e8s | Ports de plaisance de la Municipalit\u00e9 de La Maddalena\" \/>\n<meta property=\"og:description\" content=\"Le port de Cala Gavetta est accessible depuis Palau gr\u00e2ce aux ferries qui relient la Sardaigne \u00e0 La Maddalena. D\u00e9couvrez les lignes de bus et transports publics.\" \/>\n<meta property=\"og:url\" content=\"https:\/\/www.portituristicilamaddalena.it\/fr\/contact\/plan-d-acces\/\" \/>\n<meta property=\"og:site_name\" content=\"Ports de plaisance de la Municipalit\u00e9 de La Maddalena\" \/>\n<meta property=\"article:modified_time\" content=\"2019-06-21T13:56:56+00:00\" \/>\n<meta name=\"twitter:card\" content=\"summary_large_image\" \/>\n<script type=\"application\/ld+json\" class=\"yoast-schema-graph\">{\"@context\":\"https:\/\/schema.org\",\"@graph\":[{\"@type\":\"WebPage\",\"@id\":\"https:\/\/www.portituristicilamaddalena.it\/fr\/contact\/plan-d-acces\/\",\"url\":\"https:\/\/www.portituristicilamaddalena.it\/fr\/contact\/plan-d-acces\/\",\"name\":\"Plan d\u2019acc\u00e8s | Ports de plaisance de la Municipalit\u00e9 de La Maddalena\",\"isPartOf\":{\"@id\":\"https:\/\/www.portituristicilamaddalena.it\/fr\/#website\"},\"datePublished\":\"2019-06-18T14:29:25+00:00\",\"dateModified\":\"2019-06-21T13:56:56+00:00\",\"description\":\"Le port de Cala Gavetta est accessible depuis Palau gr\u00e2ce aux ferries qui relient la Sardaigne \u00e0 La Maddalena. D\u00e9couvrez les lignes de bus et transports publics.\",\"breadcrumb\":{\"@id\":\"https:\/\/www.portituristicilamaddalena.it\/fr\/contact\/plan-d-acces\/#breadcrumb\"},\"inLanguage\":\"fr-FR\",\"potentialAction\":[{\"@type\":\"ReadAction\",\"target\":[\"https:\/\/www.portituristicilamaddalena.it\/fr\/contact\/plan-d-acces\/\"]}]},{\"@type\":\"BreadcrumbList\",\"@id\":\"https:\/\/www.portituristicilamaddalena.it\/fr\/contact\/plan-d-acces\/#breadcrumb\",\"itemListElement\":[{\"@type\":\"ListItem\",\"position\":1,\"name\":\"Home\",\"item\":\"https:\/\/www.portituristicilamaddalena.it\/fr\/\"},{\"@type\":\"ListItem\",\"position\":2,\"name\":\"Contact\",\"item\":\"https:\/\/www.portituristicilamaddalena.it\/fr\/contact\/\"},{\"@type\":\"ListItem\",\"position\":3,\"name\":\"Plan d\u2019acc\u00e8s\"}]},{\"@type\":\"WebSite\",\"@id\":\"https:\/\/www.portituristicilamaddalena.it\/fr\/#website\",\"url\":\"https:\/\/www.portituristicilamaddalena.it\/fr\/\",\"name\":\"Ports de plaisance de la Municipalit\u00e9 de La Maddalena\",\"description\":\"Ports de plaisance de la Municipalit\u00e9 de La Maddalena\",\"publisher\":{\"@id\":\"https:\/\/www.portituristicilamaddalena.it\/fr\/#organization\"},\"potentialAction\":[{\"@type\":\"SearchAction\",\"target\":{\"@type\":\"EntryPoint\",\"urlTemplate\":\"https:\/\/www.portituristicilamaddalena.it\/fr\/?s={search_term_string}\"},\"query-input\":{\"@type\":\"PropertyValueSpecification\",\"valueRequired\":true,\"valueName\":\"search_term_string\"}}],\"inLanguage\":\"fr-FR\"},{\"@type\":\"Organization\",\"@id\":\"https:\/\/www.portituristicilamaddalena.it\/fr\/#organization\",\"name\":\"Porti Turistici La Maddalena\",\"url\":\"https:\/\/www.portituristicilamaddalena.it\/fr\/\",\"logo\":{\"@type\":\"ImageObject\",\"inLanguage\":\"fr-FR\",\"@id\":\"https:\/\/www.portituristicilamaddalena.it\/fr\/#\/schema\/logo\/image\/\",\"url\":\"https:\/\/www.portituristicilamaddalena.it\/wp-content\/uploads\/2019\/04\/porto_maddalena_logo_512.png\",\"contentUrl\":\"https:\/\/www.portituristicilamaddalena.it\/wp-content\/uploads\/2019\/04\/porto_maddalena_logo_512.png\",\"width\":512,\"height\":512,\"caption\":\"Porti Turistici La Maddalena\"},\"image\":{\"@id\":\"https:\/\/www.portituristicilamaddalena.it\/fr\/#\/schema\/logo\/image\/\"}}]}<\/script>\n<!-- \/ Yoast SEO plugin. -->","yoast_head_json":{"title":"Plan d\u2019acc\u00e8s | Ports de plaisance de la Municipalit\u00e9 de La Maddalena","description":"Le port de Cala Gavetta est accessible depuis Palau gr\u00e2ce aux ferries qui relient la Sardaigne \u00e0 La Maddalena. D\u00e9couvrez les lignes de bus et transports publics.","robots":{"index":"index","follow":"follow","max-snippet":"max-snippet:-1","max-image-preview":"max-image-preview:large","max-video-preview":"max-video-preview:-1"},"canonical":"https:\/\/www.portituristicilamaddalena.it\/fr\/contact\/plan-d-acces\/","og_locale":"fr_FR","og_type":"article","og_title":"Plan d\u2019acc\u00e8s | Ports de plaisance de la Municipalit\u00e9 de La Maddalena","og_description":"Le port de Cala Gavetta est accessible depuis Palau gr\u00e2ce aux ferries qui relient la Sardaigne \u00e0 La Maddalena. D\u00e9couvrez les lignes de bus et transports publics.","og_url":"https:\/\/www.portituristicilamaddalena.it\/fr\/contact\/plan-d-acces\/","og_site_name":"Ports de plaisance de la Municipalit\u00e9 de La Maddalena","article_modified_time":"2019-06-21T13:56:56+00:00","twitter_card":"summary_large_image","schema":{"@context":"https:\/\/schema.org","@graph":[{"@type":"WebPage","@id":"https:\/\/www.portituristicilamaddalena.it\/fr\/contact\/plan-d-acces\/","url":"https:\/\/www.portituristicilamaddalena.it\/fr\/contact\/plan-d-acces\/","name":"Plan d\u2019acc\u00e8s | Ports de plaisance de la Municipalit\u00e9 de La Maddalena","isPartOf":{"@id":"https:\/\/www.portituristicilamaddalena.it\/fr\/#website"},"datePublished":"2019-06-18T14:29:25+00:00","dateModified":"2019-06-21T13:56:56+00:00","description":"Le port de Cala Gavetta est accessible depuis Palau gr\u00e2ce aux ferries qui relient la Sardaigne \u00e0 La Maddalena. D\u00e9couvrez les lignes de bus et transports publics.","breadcrumb":{"@id":"https:\/\/www.portituristicilamaddalena.it\/fr\/contact\/plan-d-acces\/#breadcrumb"},"inLanguage":"fr-FR","potentialAction":[{"@type":"ReadAction","target":["https:\/\/www.portituristicilamaddalena.it\/fr\/contact\/plan-d-acces\/"]}]},{"@type":"BreadcrumbList","@id":"https:\/\/www.portituristicilamaddalena.it\/fr\/contact\/plan-d-acces\/#breadcrumb","itemListElement":[{"@type":"ListItem","position":1,"name":"Home","item":"https:\/\/www.portituristicilamaddalena.it\/fr\/"},{"@type":"ListItem","position":2,"name":"Contact","item":"https:\/\/www.portituristicilamaddalena.it\/fr\/contact\/"},{"@type":"ListItem","position":3,"name":"Plan d\u2019acc\u00e8s"}]},{"@type":"WebSite","@id":"https:\/\/www.portituristicilamaddalena.it\/fr\/#website","url":"https:\/\/www.portituristicilamaddalena.it\/fr\/","name":"Ports de plaisance de la Municipalit\u00e9 de La Maddalena","description":"Ports de plaisance de la Municipalit\u00e9 de La Maddalena","publisher":{"@id":"https:\/\/www.portituristicilamaddalena.it\/fr\/#organization"},"potentialAction":[{"@type":"SearchAction","target":{"@type":"EntryPoint","urlTemplate":"https:\/\/www.portituristicilamaddalena.it\/fr\/?s={search_term_string}"},"query-input":{"@type":"PropertyValueSpecification","valueRequired":true,"valueName":"search_term_string"}}],"inLanguage":"fr-FR"},{"@type":"Organization","@id":"https:\/\/www.portituristicilamaddalena.it\/fr\/#organization","name":"Porti Turistici La Maddalena","url":"https:\/\/www.portituristicilamaddalena.it\/fr\/","logo":{"@type":"ImageObject","inLanguage":"fr-FR","@id":"https:\/\/www.portituristicilamaddalena.it\/fr\/#\/schema\/logo\/image\/","url":"https:\/\/www.portituristicilamaddalena.it\/wp-content\/uploads\/2019\/04\/porto_maddalena_logo_512.png","contentUrl":"https:\/\/www.portituristicilamaddalena.it\/wp-content\/uploads\/2019\/04\/porto_maddalena_logo_512.png","width":512,"height":512,"caption":"Porti Turistici La Maddalena"},"image":{"@id":"https:\/\/www.portituristicilamaddalena.it\/fr\/#\/schema\/logo\/image\/"}}]}},"jetpack_sharing_enabled":true,"_links":{"self":[{"href":"https:\/\/www.portituristicilamaddalena.it\/fr\/wp-json\/wp\/v2\/pages\/1984","targetHints":{"allow":["GET"]}}],"collection":[{"href":"https:\/\/www.portituristicilamaddalena.it\/fr\/wp-json\/wp\/v2\/pages"}],"about":[{"href":"https:\/\/www.portituristicilamaddalena.it\/fr\/wp-json\/wp\/v2\/types\/page"}],"author":[{"embeddable":true,"href":"https:\/\/www.portituristicilamaddalena.it\/fr\/wp-json\/wp\/v2\/users\/1"}],"replies":[{"embeddable":true,"href":"https:\/\/www.portituristicilamaddalena.it\/fr\/wp-json\/wp\/v2\/comments?post=1984"}],"version-history":[{"count":3,"href":"https:\/\/www.portituristicilamaddalena.it\/fr\/wp-json\/wp\/v2\/pages\/1984\/revisions"}],"predecessor-version":[{"id":2086,"href":"https:\/\/www.portituristicilamaddalena.it\/fr\/wp-json\/wp\/v2\/pages\/1984\/revisions\/2086"}],"up":[{"embeddable":true,"href":"https:\/\/www.portituristicilamaddalena.it\/fr\/wp-json\/wp\/v2\/pages\/1982"}],"wp:attachment":[{"href":"https:\/\/www.portituristicilamaddalena.it\/fr\/wp-json\/wp\/v2\/media?parent=1984"}],"curies":[{"name":"wp","href":"https:\/\/api.w.org\/{rel}","templated":true}]}}