{"id":1987,"date":"2019-06-18T16:30:17","date_gmt":"2019-06-18T14:30:17","guid":{"rendered":"http:\/\/www.portituristicilamaddalena.it\/i-vincoli-del-parco-nazionale-di-la-maddalena\/"},"modified":"2019-06-21T17:05:45","modified_gmt":"2019-06-21T15:05:45","slug":"les-contraintes-du-parc-national-de-la-maddalena","status":"publish","type":"page","link":"https:\/\/www.portituristicilamaddalena.it\/fr\/les-contraintes-du-parc-national-de-la-maddalena\/","title":{"rendered":"Les contraintes du parc national de La Maddalena"},"content":{"rendered":"\n<p>La <strong>carte des contraintes<\/strong> du <strong>parc national de La Maddalena<\/strong> r\u00e9sume les dispositions en mati\u00e8re de <strong>navigation<\/strong>, de <strong>baignade<\/strong> et de p\u00eache sur le territoire de l&#8217;archipel sarde.<\/p>\n\n\n\n<p>Consultez la carte du zonage du <strong>parc g\u00e9omarine<\/strong> de La Maddalena, v\u00e9rifiez quelles zones de l&#8217;archipel sont <strong>prot\u00e9g\u00e9es<\/strong>.<\/p>\n","protected":false},"excerpt":{"rendered":"<p>La carte des contraintes du parc national de La Maddalena r\u00e9sume les dispositions en mati\u00e8re de navigation, de baignade et de p\u00eache sur le territoire de l&#8217;archipel sarde. Consultez la carte du zonage du parc g\u00e9omarine de La Maddalena, v\u00e9rifiez quelles zones de l&#8217;archipel sont prot\u00e9g\u00e9es.<\/p>\n","protected":false},"author":1,"featured_media":0,"parent":0,"menu_order":0,"comment_status":"closed","ping_status":"closed","template":"","meta":{"_acf_changed":false,"footnotes":""},"class_list":["post-1987","page","type-page","status-publish","hentry"],"acf":[],"yoast_head":"<!-- This site is optimized with the Yoast SEO plugin v24.0 - https:\/\/yoast.com\/wordpress\/plugins\/seo\/ -->\n<title>Mappa vincoli La Maddalena | Ports de plaisance de la Municipalit\u00e9 de La Maddalena<\/title>\n<meta name=\"description\" content=\"Consulta la carta dei vincoli del Parco Nazionale di La Maddalena e verifica quali aree terrestri e marine dell&#039;Arcipelago sardo sono sottoposte a tutela.\" \/>\n<meta name=\"robots\" content=\"index, follow, max-snippet:-1, max-image-preview:large, max-video-preview:-1\" \/>\n<link rel=\"canonical\" href=\"https:\/\/www.portituristicilamaddalena.it\/fr\/les-contraintes-du-parc-national-de-la-maddalena\/\" \/>\n<meta property=\"og:locale\" content=\"fr_FR\" \/>\n<meta property=\"og:type\" content=\"article\" \/>\n<meta property=\"og:title\" content=\"Mappa vincoli La Maddalena | Ports de plaisance de la Municipalit\u00e9 de La Maddalena\" \/>\n<meta property=\"og:description\" content=\"Consulta la carta dei vincoli del Parco Nazionale di La Maddalena e verifica quali aree terrestri e marine dell&#039;Arcipelago sardo sono sottoposte a tutela.\" \/>\n<meta property=\"og:url\" content=\"https:\/\/www.portituristicilamaddalena.it\/fr\/les-contraintes-du-parc-national-de-la-maddalena\/\" \/>\n<meta property=\"og:site_name\" content=\"Ports de plaisance de la Municipalit\u00e9 de La Maddalena\" \/>\n<meta property=\"article:modified_time\" content=\"2019-06-21T15:05:45+00:00\" \/>\n<meta name=\"twitter:card\" content=\"summary_large_image\" \/>\n<script type=\"application\/ld+json\" class=\"yoast-schema-graph\">{\"@context\":\"https:\/\/schema.org\",\"@graph\":[{\"@type\":\"WebPage\",\"@id\":\"https:\/\/www.portituristicilamaddalena.it\/fr\/les-contraintes-du-parc-national-de-la-maddalena\/\",\"url\":\"https:\/\/www.portituristicilamaddalena.it\/fr\/les-contraintes-du-parc-national-de-la-maddalena\/\",\"name\":\"Mappa vincoli La Maddalena | Ports de plaisance de la Municipalit\u00e9 de La Maddalena\",\"isPartOf\":{\"@id\":\"https:\/\/www.portituristicilamaddalena.it\/fr\/#website\"},\"datePublished\":\"2019-06-18T14:30:17+00:00\",\"dateModified\":\"2019-06-21T15:05:45+00:00\",\"description\":\"Consulta la carta dei vincoli del Parco Nazionale di La Maddalena e verifica quali aree terrestri e marine dell'Arcipelago sardo sono sottoposte a tutela.\",\"breadcrumb\":{\"@id\":\"https:\/\/www.portituristicilamaddalena.it\/fr\/les-contraintes-du-parc-national-de-la-maddalena\/#breadcrumb\"},\"inLanguage\":\"fr-FR\",\"potentialAction\":[{\"@type\":\"ReadAction\",\"target\":[\"https:\/\/www.portituristicilamaddalena.it\/fr\/les-contraintes-du-parc-national-de-la-maddalena\/\"]}]},{\"@type\":\"BreadcrumbList\",\"@id\":\"https:\/\/www.portituristicilamaddalena.it\/fr\/les-contraintes-du-parc-national-de-la-maddalena\/#breadcrumb\",\"itemListElement\":[{\"@type\":\"ListItem\",\"position\":1,\"name\":\"Home\",\"item\":\"https:\/\/www.portituristicilamaddalena.it\/fr\/\"},{\"@type\":\"ListItem\",\"position\":2,\"name\":\"Les contraintes du parc national de La Maddalena\"}]},{\"@type\":\"WebSite\",\"@id\":\"https:\/\/www.portituristicilamaddalena.it\/fr\/#website\",\"url\":\"https:\/\/www.portituristicilamaddalena.it\/fr\/\",\"name\":\"Ports de plaisance de la Municipalit\u00e9 de La Maddalena\",\"description\":\"Ports de plaisance de la Municipalit\u00e9 de La Maddalena\",\"publisher\":{\"@id\":\"https:\/\/www.portituristicilamaddalena.it\/fr\/#organization\"},\"potentialAction\":[{\"@type\":\"SearchAction\",\"target\":{\"@type\":\"EntryPoint\",\"urlTemplate\":\"https:\/\/www.portituristicilamaddalena.it\/fr\/?s={search_term_string}\"},\"query-input\":{\"@type\":\"PropertyValueSpecification\",\"valueRequired\":true,\"valueName\":\"search_term_string\"}}],\"inLanguage\":\"fr-FR\"},{\"@type\":\"Organization\",\"@id\":\"https:\/\/www.portituristicilamaddalena.it\/fr\/#organization\",\"name\":\"Porti Turistici La Maddalena\",\"url\":\"https:\/\/www.portituristicilamaddalena.it\/fr\/\",\"logo\":{\"@type\":\"ImageObject\",\"inLanguage\":\"fr-FR\",\"@id\":\"https:\/\/www.portituristicilamaddalena.it\/fr\/#\/schema\/logo\/image\/\",\"url\":\"https:\/\/www.portituristicilamaddalena.it\/wp-content\/uploads\/2019\/04\/porto_maddalena_logo_512.png\",\"contentUrl\":\"https:\/\/www.portituristicilamaddalena.it\/wp-content\/uploads\/2019\/04\/porto_maddalena_logo_512.png\",\"width\":512,\"height\":512,\"caption\":\"Porti Turistici La Maddalena\"},\"image\":{\"@id\":\"https:\/\/www.portituristicilamaddalena.it\/fr\/#\/schema\/logo\/image\/\"}}]}<\/script>\n<!-- \/ Yoast SEO plugin. -->","yoast_head_json":{"title":"Mappa vincoli La Maddalena | Ports de plaisance de la Municipalit\u00e9 de La Maddalena","description":"Consulta la carta dei vincoli del Parco Nazionale di La Maddalena e verifica quali aree terrestri e marine dell'Arcipelago sardo sono sottoposte a tutela.","robots":{"index":"index","follow":"follow","max-snippet":"max-snippet:-1","max-image-preview":"max-image-preview:large","max-video-preview":"max-video-preview:-1"},"canonical":"https:\/\/www.portituristicilamaddalena.it\/fr\/les-contraintes-du-parc-national-de-la-maddalena\/","og_locale":"fr_FR","og_type":"article","og_title":"Mappa vincoli La Maddalena | Ports de plaisance de la Municipalit\u00e9 de La Maddalena","og_description":"Consulta la carta dei vincoli del Parco Nazionale di La Maddalena e verifica quali aree terrestri e marine dell'Arcipelago sardo sono sottoposte a tutela.","og_url":"https:\/\/www.portituristicilamaddalena.it\/fr\/les-contraintes-du-parc-national-de-la-maddalena\/","og_site_name":"Ports de plaisance de la Municipalit\u00e9 de La Maddalena","article_modified_time":"2019-06-21T15:05:45+00:00","twitter_card":"summary_large_image","schema":{"@context":"https:\/\/schema.org","@graph":[{"@type":"WebPage","@id":"https:\/\/www.portituristicilamaddalena.it\/fr\/les-contraintes-du-parc-national-de-la-maddalena\/","url":"https:\/\/www.portituristicilamaddalena.it\/fr\/les-contraintes-du-parc-national-de-la-maddalena\/","name":"Mappa vincoli La Maddalena | Ports de plaisance de la Municipalit\u00e9 de La Maddalena","isPartOf":{"@id":"https:\/\/www.portituristicilamaddalena.it\/fr\/#website"},"datePublished":"2019-06-18T14:30:17+00:00","dateModified":"2019-06-21T15:05:45+00:00","description":"Consulta la carta dei vincoli del Parco Nazionale di La Maddalena e verifica quali aree terrestri e marine dell'Arcipelago sardo sono sottoposte a tutela.","breadcrumb":{"@id":"https:\/\/www.portituristicilamaddalena.it\/fr\/les-contraintes-du-parc-national-de-la-maddalena\/#breadcrumb"},"inLanguage":"fr-FR","potentialAction":[{"@type":"ReadAction","target":["https:\/\/www.portituristicilamaddalena.it\/fr\/les-contraintes-du-parc-national-de-la-maddalena\/"]}]},{"@type":"BreadcrumbList","@id":"https:\/\/www.portituristicilamaddalena.it\/fr\/les-contraintes-du-parc-national-de-la-maddalena\/#breadcrumb","itemListElement":[{"@type":"ListItem","position":1,"name":"Home","item":"https:\/\/www.portituristicilamaddalena.it\/fr\/"},{"@type":"ListItem","position":2,"name":"Les contraintes du parc national de La Maddalena"}]},{"@type":"WebSite","@id":"https:\/\/www.portituristicilamaddalena.it\/fr\/#website","url":"https:\/\/www.portituristicilamaddalena.it\/fr\/","name":"Ports de plaisance de la Municipalit\u00e9 de La Maddalena","description":"Ports de plaisance de la Municipalit\u00e9 de La Maddalena","publisher":{"@id":"https:\/\/www.portituristicilamaddalena.it\/fr\/#organization"},"potentialAction":[{"@type":"SearchAction","target":{"@type":"EntryPoint","urlTemplate":"https:\/\/www.portituristicilamaddalena.it\/fr\/?s={search_term_string}"},"query-input":{"@type":"PropertyValueSpecification","valueRequired":true,"valueName":"search_term_string"}}],"inLanguage":"fr-FR"},{"@type":"Organization","@id":"https:\/\/www.portituristicilamaddalena.it\/fr\/#organization","name":"Porti Turistici La Maddalena","url":"https:\/\/www.portituristicilamaddalena.it\/fr\/","logo":{"@type":"ImageObject","inLanguage":"fr-FR","@id":"https:\/\/www.portituristicilamaddalena.it\/fr\/#\/schema\/logo\/image\/","url":"https:\/\/www.portituristicilamaddalena.it\/wp-content\/uploads\/2019\/04\/porto_maddalena_logo_512.png","contentUrl":"https:\/\/www.portituristicilamaddalena.it\/wp-content\/uploads\/2019\/04\/porto_maddalena_logo_512.png","width":512,"height":512,"caption":"Porti Turistici La Maddalena"},"image":{"@id":"https:\/\/www.portituristicilamaddalena.it\/fr\/#\/schema\/logo\/image\/"}}]}},"jetpack_sharing_enabled":true,"_links":{"self":[{"href":"https:\/\/www.portituristicilamaddalena.it\/fr\/wp-json\/wp\/v2\/pages\/1987","targetHints":{"allow":["GET"]}}],"collection":[{"href":"https:\/\/www.portituristicilamaddalena.it\/fr\/wp-json\/wp\/v2\/pages"}],"about":[{"href":"https:\/\/www.portituristicilamaddalena.it\/fr\/wp-json\/wp\/v2\/types\/page"}],"author":[{"embeddable":true,"href":"https:\/\/www.portituristicilamaddalena.it\/fr\/wp-json\/wp\/v2\/users\/1"}],"replies":[{"embeddable":true,"href":"https:\/\/www.portituristicilamaddalena.it\/fr\/wp-json\/wp\/v2\/comments?post=1987"}],"version-history":[{"count":2,"href":"https:\/\/www.portituristicilamaddalena.it\/fr\/wp-json\/wp\/v2\/pages\/1987\/revisions"}],"predecessor-version":[{"id":2090,"href":"https:\/\/www.portituristicilamaddalena.it\/fr\/wp-json\/wp\/v2\/pages\/1987\/revisions\/2090"}],"wp:attachment":[{"href":"https:\/\/www.portituristicilamaddalena.it\/fr\/wp-json\/wp\/v2\/media?parent=1987"}],"curies":[{"name":"wp","href":"https:\/\/api.w.org\/{rel}","templated":true}]}}