{"id":1991,"date":"2019-06-18T16:31:36","date_gmt":"2019-06-18T14:31:36","guid":{"rendered":"http:\/\/www.portituristicilamaddalena.it\/la-maddalena\/webcam\/"},"modified":"2020-07-10T09:29:32","modified_gmt":"2020-07-10T07:29:32","slug":"webcams","status":"publish","type":"page","link":"https:\/\/www.portituristicilamaddalena.it\/fr\/la-maddalena\/webcams\/","title":{"rendered":"Webcams"},"content":{"rendered":"\n<p>Gr\u00e2ce aux webcams, laissez-vous inspirer!<\/p>\n\n\n\n<p>D\u00e9couvrez les tr\u00e9sors de <strong>La Maddalena<\/strong> et l\u2019avantage d\u2019amarrer au port de plaisance de <strong>Cala Gavetta.<\/strong> Le port est le point de d\u00e9part id\u00e9al pour <strong>visiter <\/strong>notre magnifique <strong>archipel<\/strong>. <\/p>\n\n\n\n<figure class=\"wp-block-image size-large\"><a href=\"http:\/\/31.177.40.250\/lamaddalena.jpg\" target=\"_blank\" rel=\"noopener noreferrer\"><img decoding=\"async\" src=\"http:\/\/31.177.40.250\/lamaddalena.jpg\" alt=\"\"\/><\/a><\/figure>\n","protected":false},"excerpt":{"rendered":"<p>Gr\u00e2ce aux webcams, laissez-vous inspirer! D\u00e9couvrez les tr\u00e9sors de La Maddalena et l\u2019avantage d\u2019amarrer au port de plaisance de Cala Gavetta. Le port est le point de d\u00e9part id\u00e9al pour visiter notre magnifique archipel.<\/p>\n","protected":false},"author":1,"featured_media":1947,"parent":1989,"menu_order":0,"comment_status":"closed","ping_status":"closed","template":"","meta":{"_acf_changed":false,"footnotes":""},"class_list":["post-1991","page","type-page","status-publish","has-post-thumbnail","hentry"],"acf":[],"yoast_head":"<!-- This site is optimized with the Yoast SEO plugin v24.0 - https:\/\/yoast.com\/wordpress\/plugins\/seo\/ -->\n<title>Webcams | Ports de plaisance de la Municipalit\u00e9 de La Maddalena<\/title>\n<meta name=\"description\" content=\"Gr\u00e2ce aux webcams, d\u00e9couvrez les tr\u00e9sors de La Maddalena et l\u2019avantage d\u2019amarrer au port de Cala Gavetta, point de d\u00e9part pour visiter l\u2019archipel.\" \/>\n<meta name=\"robots\" content=\"index, follow, max-snippet:-1, max-image-preview:large, max-video-preview:-1\" \/>\n<link rel=\"canonical\" href=\"https:\/\/www.portituristicilamaddalena.it\/fr\/la-maddalena\/webcams\/\" \/>\n<meta property=\"og:locale\" content=\"fr_FR\" \/>\n<meta property=\"og:type\" content=\"article\" \/>\n<meta property=\"og:title\" content=\"Webcams | Ports de plaisance de la Municipalit\u00e9 de La Maddalena\" \/>\n<meta property=\"og:description\" content=\"Gr\u00e2ce aux webcams, d\u00e9couvrez les tr\u00e9sors de La Maddalena et l\u2019avantage d\u2019amarrer au port de Cala Gavetta, point de d\u00e9part pour visiter l\u2019archipel.\" \/>\n<meta property=\"og:url\" content=\"https:\/\/www.portituristicilamaddalena.it\/fr\/la-maddalena\/webcams\/\" \/>\n<meta property=\"og:site_name\" content=\"Ports de plaisance de la Municipalit\u00e9 de La Maddalena\" \/>\n<meta property=\"article:modified_time\" content=\"2020-07-10T07:29:32+00:00\" \/>\n<meta property=\"og:image\" content=\"https:\/\/www.portituristicilamaddalena.it\/wp-content\/uploads\/2019\/04\/la-spiaggia-rosa-budelli.jpg\" \/>\n\t<meta property=\"og:image:width\" content=\"2000\" \/>\n\t<meta property=\"og:image:height\" content=\"1148\" \/>\n\t<meta property=\"og:image:type\" content=\"image\/jpeg\" \/>\n<meta name=\"twitter:card\" content=\"summary_large_image\" \/>\n<script type=\"application\/ld+json\" class=\"yoast-schema-graph\">{\"@context\":\"https:\/\/schema.org\",\"@graph\":[{\"@type\":\"WebPage\",\"@id\":\"https:\/\/www.portituristicilamaddalena.it\/fr\/la-maddalena\/webcams\/\",\"url\":\"https:\/\/www.portituristicilamaddalena.it\/fr\/la-maddalena\/webcams\/\",\"name\":\"Webcams | Ports de plaisance de la Municipalit\u00e9 de La Maddalena\",\"isPartOf\":{\"@id\":\"https:\/\/www.portituristicilamaddalena.it\/fr\/#website\"},\"primaryImageOfPage\":{\"@id\":\"https:\/\/www.portituristicilamaddalena.it\/fr\/la-maddalena\/webcams\/#primaryimage\"},\"image\":{\"@id\":\"https:\/\/www.portituristicilamaddalena.it\/fr\/la-maddalena\/webcams\/#primaryimage\"},\"thumbnailUrl\":\"https:\/\/www.portituristicilamaddalena.it\/wp-content\/uploads\/2019\/04\/la-spiaggia-rosa-budelli.jpg\",\"datePublished\":\"2019-06-18T14:31:36+00:00\",\"dateModified\":\"2020-07-10T07:29:32+00:00\",\"description\":\"Gr\u00e2ce aux webcams, d\u00e9couvrez les tr\u00e9sors de La Maddalena et l\u2019avantage d\u2019amarrer au port de Cala Gavetta, point de d\u00e9part pour visiter l\u2019archipel.\",\"breadcrumb\":{\"@id\":\"https:\/\/www.portituristicilamaddalena.it\/fr\/la-maddalena\/webcams\/#breadcrumb\"},\"inLanguage\":\"fr-FR\",\"potentialAction\":[{\"@type\":\"ReadAction\",\"target\":[\"https:\/\/www.portituristicilamaddalena.it\/fr\/la-maddalena\/webcams\/\"]}]},{\"@type\":\"ImageObject\",\"inLanguage\":\"fr-FR\",\"@id\":\"https:\/\/www.portituristicilamaddalena.it\/fr\/la-maddalena\/webcams\/#primaryimage\",\"url\":\"https:\/\/www.portituristicilamaddalena.it\/wp-content\/uploads\/2019\/04\/la-spiaggia-rosa-budelli.jpg\",\"contentUrl\":\"https:\/\/www.portituristicilamaddalena.it\/wp-content\/uploads\/2019\/04\/la-spiaggia-rosa-budelli.jpg\",\"width\":2000,\"height\":1148},{\"@type\":\"BreadcrumbList\",\"@id\":\"https:\/\/www.portituristicilamaddalena.it\/fr\/la-maddalena\/webcams\/#breadcrumb\",\"itemListElement\":[{\"@type\":\"ListItem\",\"position\":1,\"name\":\"Home\",\"item\":\"https:\/\/www.portituristicilamaddalena.it\/fr\/\"},{\"@type\":\"ListItem\",\"position\":2,\"name\":\"La Maddalena\",\"item\":\"https:\/\/www.portituristicilamaddalena.it\/fr\/la-maddalena\/\"},{\"@type\":\"ListItem\",\"position\":3,\"name\":\"Webcams\"}]},{\"@type\":\"WebSite\",\"@id\":\"https:\/\/www.portituristicilamaddalena.it\/fr\/#website\",\"url\":\"https:\/\/www.portituristicilamaddalena.it\/fr\/\",\"name\":\"Ports de plaisance de la Municipalit\u00e9 de La Maddalena\",\"description\":\"Ports de plaisance de la Municipalit\u00e9 de La Maddalena\",\"publisher\":{\"@id\":\"https:\/\/www.portituristicilamaddalena.it\/fr\/#organization\"},\"potentialAction\":[{\"@type\":\"SearchAction\",\"target\":{\"@type\":\"EntryPoint\",\"urlTemplate\":\"https:\/\/www.portituristicilamaddalena.it\/fr\/?s={search_term_string}\"},\"query-input\":{\"@type\":\"PropertyValueSpecification\",\"valueRequired\":true,\"valueName\":\"search_term_string\"}}],\"inLanguage\":\"fr-FR\"},{\"@type\":\"Organization\",\"@id\":\"https:\/\/www.portituristicilamaddalena.it\/fr\/#organization\",\"name\":\"Porti Turistici La Maddalena\",\"url\":\"https:\/\/www.portituristicilamaddalena.it\/fr\/\",\"logo\":{\"@type\":\"ImageObject\",\"inLanguage\":\"fr-FR\",\"@id\":\"https:\/\/www.portituristicilamaddalena.it\/fr\/#\/schema\/logo\/image\/\",\"url\":\"https:\/\/www.portituristicilamaddalena.it\/wp-content\/uploads\/2019\/04\/porto_maddalena_logo_512.png\",\"contentUrl\":\"https:\/\/www.portituristicilamaddalena.it\/wp-content\/uploads\/2019\/04\/porto_maddalena_logo_512.png\",\"width\":512,\"height\":512,\"caption\":\"Porti Turistici La Maddalena\"},\"image\":{\"@id\":\"https:\/\/www.portituristicilamaddalena.it\/fr\/#\/schema\/logo\/image\/\"}}]}<\/script>\n<!-- \/ Yoast SEO plugin. -->","yoast_head_json":{"title":"Webcams | Ports de plaisance de la Municipalit\u00e9 de La Maddalena","description":"Gr\u00e2ce aux webcams, d\u00e9couvrez les tr\u00e9sors de La Maddalena et l\u2019avantage d\u2019amarrer au port de Cala Gavetta, point de d\u00e9part pour visiter l\u2019archipel.","robots":{"index":"index","follow":"follow","max-snippet":"max-snippet:-1","max-image-preview":"max-image-preview:large","max-video-preview":"max-video-preview:-1"},"canonical":"https:\/\/www.portituristicilamaddalena.it\/fr\/la-maddalena\/webcams\/","og_locale":"fr_FR","og_type":"article","og_title":"Webcams | Ports de plaisance de la Municipalit\u00e9 de La Maddalena","og_description":"Gr\u00e2ce aux webcams, d\u00e9couvrez les tr\u00e9sors de La Maddalena et l\u2019avantage d\u2019amarrer au port de Cala Gavetta, point de d\u00e9part pour visiter l\u2019archipel.","og_url":"https:\/\/www.portituristicilamaddalena.it\/fr\/la-maddalena\/webcams\/","og_site_name":"Ports de plaisance de la Municipalit\u00e9 de La Maddalena","article_modified_time":"2020-07-10T07:29:32+00:00","og_image":[{"width":2000,"height":1148,"url":"https:\/\/www.portituristicilamaddalena.it\/wp-content\/uploads\/2019\/04\/la-spiaggia-rosa-budelli.jpg","type":"image\/jpeg"}],"twitter_card":"summary_large_image","schema":{"@context":"https:\/\/schema.org","@graph":[{"@type":"WebPage","@id":"https:\/\/www.portituristicilamaddalena.it\/fr\/la-maddalena\/webcams\/","url":"https:\/\/www.portituristicilamaddalena.it\/fr\/la-maddalena\/webcams\/","name":"Webcams | Ports de plaisance de la Municipalit\u00e9 de La Maddalena","isPartOf":{"@id":"https:\/\/www.portituristicilamaddalena.it\/fr\/#website"},"primaryImageOfPage":{"@id":"https:\/\/www.portituristicilamaddalena.it\/fr\/la-maddalena\/webcams\/#primaryimage"},"image":{"@id":"https:\/\/www.portituristicilamaddalena.it\/fr\/la-maddalena\/webcams\/#primaryimage"},"thumbnailUrl":"https:\/\/www.portituristicilamaddalena.it\/wp-content\/uploads\/2019\/04\/la-spiaggia-rosa-budelli.jpg","datePublished":"2019-06-18T14:31:36+00:00","dateModified":"2020-07-10T07:29:32+00:00","description":"Gr\u00e2ce aux webcams, d\u00e9couvrez les tr\u00e9sors de La Maddalena et l\u2019avantage d\u2019amarrer au port de Cala Gavetta, point de d\u00e9part pour visiter l\u2019archipel.","breadcrumb":{"@id":"https:\/\/www.portituristicilamaddalena.it\/fr\/la-maddalena\/webcams\/#breadcrumb"},"inLanguage":"fr-FR","potentialAction":[{"@type":"ReadAction","target":["https:\/\/www.portituristicilamaddalena.it\/fr\/la-maddalena\/webcams\/"]}]},{"@type":"ImageObject","inLanguage":"fr-FR","@id":"https:\/\/www.portituristicilamaddalena.it\/fr\/la-maddalena\/webcams\/#primaryimage","url":"https:\/\/www.portituristicilamaddalena.it\/wp-content\/uploads\/2019\/04\/la-spiaggia-rosa-budelli.jpg","contentUrl":"https:\/\/www.portituristicilamaddalena.it\/wp-content\/uploads\/2019\/04\/la-spiaggia-rosa-budelli.jpg","width":2000,"height":1148},{"@type":"BreadcrumbList","@id":"https:\/\/www.portituristicilamaddalena.it\/fr\/la-maddalena\/webcams\/#breadcrumb","itemListElement":[{"@type":"ListItem","position":1,"name":"Home","item":"https:\/\/www.portituristicilamaddalena.it\/fr\/"},{"@type":"ListItem","position":2,"name":"La Maddalena","item":"https:\/\/www.portituristicilamaddalena.it\/fr\/la-maddalena\/"},{"@type":"ListItem","position":3,"name":"Webcams"}]},{"@type":"WebSite","@id":"https:\/\/www.portituristicilamaddalena.it\/fr\/#website","url":"https:\/\/www.portituristicilamaddalena.it\/fr\/","name":"Ports de plaisance de la Municipalit\u00e9 de La Maddalena","description":"Ports de plaisance de la Municipalit\u00e9 de La Maddalena","publisher":{"@id":"https:\/\/www.portituristicilamaddalena.it\/fr\/#organization"},"potentialAction":[{"@type":"SearchAction","target":{"@type":"EntryPoint","urlTemplate":"https:\/\/www.portituristicilamaddalena.it\/fr\/?s={search_term_string}"},"query-input":{"@type":"PropertyValueSpecification","valueRequired":true,"valueName":"search_term_string"}}],"inLanguage":"fr-FR"},{"@type":"Organization","@id":"https:\/\/www.portituristicilamaddalena.it\/fr\/#organization","name":"Porti Turistici La Maddalena","url":"https:\/\/www.portituristicilamaddalena.it\/fr\/","logo":{"@type":"ImageObject","inLanguage":"fr-FR","@id":"https:\/\/www.portituristicilamaddalena.it\/fr\/#\/schema\/logo\/image\/","url":"https:\/\/www.portituristicilamaddalena.it\/wp-content\/uploads\/2019\/04\/porto_maddalena_logo_512.png","contentUrl":"https:\/\/www.portituristicilamaddalena.it\/wp-content\/uploads\/2019\/04\/porto_maddalena_logo_512.png","width":512,"height":512,"caption":"Porti Turistici La Maddalena"},"image":{"@id":"https:\/\/www.portituristicilamaddalena.it\/fr\/#\/schema\/logo\/image\/"}}]}},"jetpack_sharing_enabled":true,"_links":{"self":[{"href":"https:\/\/www.portituristicilamaddalena.it\/fr\/wp-json\/wp\/v2\/pages\/1991","targetHints":{"allow":["GET"]}}],"collection":[{"href":"https:\/\/www.portituristicilamaddalena.it\/fr\/wp-json\/wp\/v2\/pages"}],"about":[{"href":"https:\/\/www.portituristicilamaddalena.it\/fr\/wp-json\/wp\/v2\/types\/page"}],"author":[{"embeddable":true,"href":"https:\/\/www.portituristicilamaddalena.it\/fr\/wp-json\/wp\/v2\/users\/1"}],"replies":[{"embeddable":true,"href":"https:\/\/www.portituristicilamaddalena.it\/fr\/wp-json\/wp\/v2\/comments?post=1991"}],"version-history":[{"count":3,"href":"https:\/\/www.portituristicilamaddalena.it\/fr\/wp-json\/wp\/v2\/pages\/1991\/revisions"}],"predecessor-version":[{"id":2542,"href":"https:\/\/www.portituristicilamaddalena.it\/fr\/wp-json\/wp\/v2\/pages\/1991\/revisions\/2542"}],"up":[{"embeddable":true,"href":"https:\/\/www.portituristicilamaddalena.it\/fr\/wp-json\/wp\/v2\/pages\/1989"}],"wp:featuredmedia":[{"embeddable":true,"href":"https:\/\/www.portituristicilamaddalena.it\/fr\/wp-json\/wp\/v2\/media\/1947"}],"wp:attachment":[{"href":"https:\/\/www.portituristicilamaddalena.it\/fr\/wp-json\/wp\/v2\/media?parent=1991"}],"curies":[{"name":"wp","href":"https:\/\/api.w.org\/{rel}","templated":true}]}}